{"id":1074,"date":"2024-11-20T20:22:46","date_gmt":"2024-11-20T20:22:46","guid":{"rendered":"https:\/\/alyamamafordevelopment.com\/?page_id=1074"},"modified":"2025-01-27T16:04:07","modified_gmt":"2025-01-27T15:04:07","slug":"services-de-mentoring","status":"publish","type":"page","link":"https:\/\/alyamamafordevelopment.com\/ar\/services-de-mentoring\/","title":{"rendered":"\u0627\u0644\u062a\u0648\u062c\u064a\u0647"},"content":{"rendered":"<div class=\"is-divider divider clearfix\" style=\"max-width:0px;\"><\/div>\n\t<section class=\"section\" id=\"section_147115230\">\n\t\t<div class=\"bg section-bg fill bg-fill  bg-loaded\" >\n\n\t\t\t\n\t\t\t\n\t\t\t\n\n\t\t<\/div>\n\n\t\t<div class=\"section-content relative\">\n\t\t\t\n\t<div id=\"gap-458897572\" class=\"gap-element clearfix\" style=\"display:block; height:auto;\">\n\t\t\n<style>\n#gap-458897572 {\n  padding-top: 30px;\n}\n<\/style>\n\t<\/div>\n\t\n<div class=\"row\"  id=\"row-1621905985\">\n\n\t<div id=\"col-203220470\" class=\"col medium-12 small-12 large-7\"  >\n\t\t\t\t<div class=\"col-inner\"  >\n\t\t\t\n\t\t\t\n\n  <div class=\"banner has-hover\" id=\"banner-488808248\">\n          <div class=\"banner-inner fill\">\n        <div class=\"banner-bg fill\" >\n            <div class=\"bg fill bg-fill\"><\/div>\n                                    \n                    <\/div>\n        <div class=\"banner-layers container\">\n            <div class=\"fill banner-link\"><\/div>            \n        <\/div>\n      <\/div>\n\n            \n<style>\n#banner-488808248 {\n  padding-top: 300px;\n  background-color: rgba(255, 255, 255, 0);\n}\n#banner-488808248 .bg.bg-loaded {\n  background-image: url(https:\/\/alyamamafordevelopment.com\/wp-content\/uploads\/2025\/01\/pexels-Mentoring-4-1200x800.jpg);\n}\n@media (min-width:550px) {\n  #banner-488808248 {\n    padding-top: 450px;\n  }\n}\n<\/style>\n  <\/div>\n\n\n\t\t<\/div>\n\t\t\t\t\t<\/div>\n\n\t\n<\/div>\n<div class=\"row align-right\"  id=\"row-1443467510\">\n\n\t<div id=\"col-1983252453\" class=\"col medium-12 small-12 large-7\"  >\n\t\t\t\t<div class=\"col-inner\" style=\"background-color:rgb(255, 255, 255);\" >\n\t\t\t\n\t\t\t\n<div style=\"display: flex; flex-direction: column; align-items: center; justify-content: center; text-align: center; height: 100vh; margin: 0;\">\n<h3 class=\"uppercase\" style=\"line-height: 1.5; font-family: Arial, sans-serif;\">\u0644\u0645\u0627\u0630\u0627 \u062e\u062f\u0645\u0629 \u0627\u0644\u062a\u0648\u062c\u064a\u0647\u061f<\/h3>\n<p style=\"font-size: 1.2rem; line-height: 1.5; text-align: justify; max-width: 600px; margin-bottom: 15px; font-family: Arial, sans-serif;\">Vous \u00eates nouveau dipl\u00f4m\u00e9 en qu\u00eate de job ou d\u00e9j\u00e0 en fonction, auto-entrepreneur, ou chef d\u2019entreprise, vous aspirez \u00e0 de meilleures perspectives de carri\u00e8re et vous avez besoin d\u2019un accompagnement personnalis\u00e9 pas \u00e0 pas et en toute confidentialit\u00e9, \u00e0 moyen et long terme.<\/p>\n<p style=\"font-size: 1.2rem; line-height: 1.5; text-align: justify; max-width: 600px; font-family: Arial, sans-serif;\">Nous vous proposons le service de mentoring Alyamama for development, assur\u00e9 par un coach et consultant expert. Nous vous offrons un accompagnement ajust\u00e9 \u00e0 votre besoin, alliant coaching, bioth\u00e9rapie, conseil et expertise professionnelle pour vous aider \u00e0 r\u00e9aliser votre objectif, en tirer profit et s\u00e9curiser les r\u00e9sultats obtenus.<\/p>\n<\/div>\n\t\t<\/div>\n\t\t\t\t\n<style>\n#col-1983252453 > .col-inner {\n  padding: 0px 0px 0px 0;\n  margin: 0 0px 0px 0px;\n}\n@media (min-width:550px) {\n  #col-1983252453 > .col-inner {\n    padding: 6% 8% 5% 8%;\n    margin: -50px 0 0px 0px;\n  }\n}\n@media (min-width:850px) {\n  #col-1983252453 > .col-inner {\n    padding: 8% 8% 0% 8%;\n    margin: -315px 0px 0px 0px;\n  }\n}\n<\/style>\n\t<\/div>\n\n\t\n<\/div>\n\t\t<\/div>\n\n\t\t\n<style>\n#section_147115230 {\n  padding-top: 30px;\n  padding-bottom: 30px;\n  background-color: rgb(72, 180, 183);\n}\n@media (min-width:550px) {\n  #section_147115230 {\n    padding-top: 0px;\n    padding-bottom: 0px;\n  }\n}\n<\/style>\n\t<\/section>\n\t\n<div class=\"is-divider divider clearfix\" style=\"max-width:0px;\"><\/div>\n\t<section class=\"section\" id=\"section_1792166983\">\n\t\t<div class=\"bg section-bg fill bg-fill  bg-loaded\" >\n\n\t\t\t\n\t\t\t\n\t\t\t\n\n\t\t<\/div>\n\n\t\t<div class=\"section-content relative\">\n\t\t\t\n<div class=\"row row-collapse row-full-width align-middle align-center\"  id=\"row-1359602510\">\n\n\t<div id=\"col-917850112\" class=\"col medium-12 small-11 large-6\"  >\n\t\t\t\t<div class=\"col-inner text-center\"  >\n\t\t\t\n\t\t\t\n\t<div id=\"gap-1169630163\" class=\"gap-element clearfix\" style=\"display:block; height:auto;\">\n\t\t\n<style>\n#gap-1169630163 {\n  padding-top: 0px;\n}\n<\/style>\n\t<\/div>\n\t\n<div class=\"row row-full-width align-center\"  id=\"row-736937658\">\n\n\t<div id=\"col-931324227\" class=\"col index-up medium-11 small-12 large-12\"  >\n\t\t\t\t<div class=\"col-inner text-center\" style=\"background-color:rgb(255, 255, 255);\" >\n\t\t\t\n\t\t\t\n\t<div id=\"text-2548372814\" class=\"text\">\n\t\t\n<div>\n<h3 class=\"uppercase\" style=\"text-align: center;\">\u0645\u0627 \u0646\u0648\u0641\u0631\u0647<\/h3>\n<p style=\"font-size: 1.2rem; line-height: 1.4; text-align: justify; margin-bottom: 5px;\">\u062e\u062f\u0645\u0629 \u0627\u0644\u062a\u0648\u062c\u064a\u0647 \u062a\u062c\u0645\u0639 \u0628\u064a\u0646  \u0627\u0644\u0645\u0631\u0627\u0641\u0642\u0629 \u0627\u0644\u0630\u0627\u062a\u064a\u0629 \u0648\u0627\u0644\u0639\u0644\u0627\u062c \u0627\u0644\u062d\u064a\u0648\u064a \u0648\u0627\u0644\u0645\u0634\u0648\u0631\u0629 \u0648\u0627\u0644\u062e\u0628\u0631\u0629 \u0627\u0644\u0645\u0647\u0646\u064a\u0629 \u0644\u0645\u0633\u0627\u0639\u062f\u062a\u0643 \u0639\u0644\u0649 \u0627\u0644\u062a\u062e\u0644\u0635 \u0645\u0646 \u0639\u0642\u0628\u0627\u062a\u0643 \u0627\u0644\u062f\u0627\u062e\u0644\u064a\u0629 \u0648\u062a\u062d\u0642\u064a\u0642 \u0647\u062f\u0641\u0643 \u0648\u062a\u0623\u0645\u064a\u0646 \u0627\u0644\u0646\u062a\u0627\u0626\u062c \u0627\u0644\u062a\u064a \u062a\u0645 \u0627\u0644\u062d\u0635\u0648\u0644 \u0639\u0644\u064a\u0647\u0627.<\/p>\n<p style=\"font-size: 1.2rem; line-height: 1.4; text-align: justify; margin-bottom: 5px;\">\u064a\u0642\u062f\u0645 \u0644\u0643 \u0645\u062f\u0631\u0628 \u0645\u062d\u062a\u0631\u0641 \u0648\u0645\u0639\u0627\u0644\u062c \u0628\u064a\u0648\u0644\u0648\u062c\u064a \u0648\u0645\u0633\u062a\u0634\u0627\u0631 \u062e\u0628\u064a\u0631, \u0627\u0644\u062f\u0639\u0645 \u0627\u0644\u0643\u0627\u0645\u0644 \u0627\u0644\u0645\u0635\u0645\u0645 \u062e\u0635\u064a\u0635\u064b\u0627 \u0644\u062a\u0644\u0628\u064a\u0629 \u0627\u062d\u062a\u064a\u0627\u062c\u0627\u062a\u0643.<\/p>\n<p style=\"font-size: 1.2rem; line-height: 1.4; text-align: justify; margin-bottom: 5px;\">\u062c\u0644\u0633\u0627\u062a \u0623\u0633\u0628\u0648\u0639\u064a\u0629 \u0648\u062c\u0647\u064b\u0627 \u0644\u0648\u062c\u0647 \u0623\u0648 \u0639\u0628\u0631 \u0627\u0644\u0625\u0646\u062a\u0631\u0646\u062a\u060c \u0648\u0645\u0631\u0627\u0642\u0628\u0629 \u0648\u062c\u0627\u0647\u0632\u064a\u0629 \u0627\u0644\u062a\u0648\u0627\u0635\u0644 \u0628\u064a\u0646 \u0627\u0644\u062c\u0644\u0633\u0627\u062a \u0639\u0628\u0631 \u0627\u0644\u0648\u0627\u062a\u0633\u0627\u0628 \u0623\u0648 \u0627\u0644\u062a\u0644\u064a\u062c\u0631\u0627\u0645.<\/p>\n<p style=\"font-size: 1.2rem; line-height: 1.4; text-align: justify; margin-bottom: 5px;\">\u064a\u0645\u0643\u0646 \u0623\u0646 \u062a\u0633\u062a\u0645\u0631 \u062e\u062f\u0645\u0629 \u0627\u0644\u062a\u0648\u062c\u064a\u0647 \u0644\u062f\u064a\u0646\u0627 \u0645\u0646 \u0634\u0647\u0631 \u0625\u0644\u0649 \u0639\u0627\u0645 \u062d\u0633\u0628 \u0627\u062d\u062a\u064a\u0627\u062c\u0627\u062a\u0643 \u0648\u0637\u0644\u0628\u0627\u062a\u0643.<\/p>\n<p style=\"font-size: 1.2rem; line-height: 1.4; text-align: justify; margin-bottom: 0;\">\u0646\u0628\u0642\u0649 \u0641\u064a \u0627\u0644\u0627\u0633\u062a\u0645\u0627\u0639 \u0644\u0643 \u0645\u0639 \u0625\u0645\u0643\u0627\u0646\u064a\u0629 \u062a\u0639\u062f\u064a\u0644 \u0627\u0644\u062c\u0644\u0633\u0627\u062a \u0648\u0627\u0644\u062f\u0639\u0645 \u0648\u0641\u0642\u064b\u0627 \u0644\u0627\u062d\u062a\u064a\u0627\u062c\u0627\u062a\u0643.<\/p>\n<\/div>\n\t\t\n<style>\n#text-2548372814 {\n  font-size: 1.35rem;\n  line-height: 2.7;\n}\n<\/style>\n\t<\/div>\n\t\n\t\t<\/div>\n\t\t\t\t\n<style>\n#col-931324227 > .col-inner {\n  padding: 0% 0px 0px 0;\n  margin: 0 0px 0px 0px;\n  border-radius: 5px;\n}\n@media (min-width:550px) {\n  #col-931324227 > .col-inner {\n    padding: 6% 6% 6% 6%;\n    margin: -150px 0px 0px 0px;\n  }\n}\n@media (min-width:850px) {\n  #col-931324227 > .col-inner {\n    padding: 0px 0px 0% 0;\n    margin: 0px 0px 0px 0;\n  }\n}\n<\/style>\n\t<\/div>\n\n\t\n<\/div>\n\t\t<\/div>\n\t\t\t\t\n<style>\n#col-917850112 > .col-inner {\n  padding: 10px 0px 20px 0px;\n  margin: 0 0px 0px 0px;\n}\n@media (min-width:550px) {\n  #col-917850112 > .col-inner {\n    padding: 35px 0px 30px 0px;\n  }\n}\n@media (min-width:850px) {\n  #col-917850112 > .col-inner {\n    padding: 0px 0 0px 0px;\n  }\n}\n<\/style>\n\t<\/div>\n\n\t\n\n\t<div id=\"col-1384076354\" class=\"col medium-12 small-12 large-6 small-col-first\"  >\n\t\t\t\t<div class=\"col-inner\"  >\n\t\t\t\n\t\t\t\n\n  <div class=\"banner has-hover\" id=\"banner-258411627\">\n          <div class=\"banner-inner fill\">\n        <div class=\"banner-bg fill\" >\n            <div class=\"bg fill bg-fill\"><\/div>\n                                    \n                    <\/div>\n        <div class=\"banner-layers container\">\n            <div class=\"fill banner-link\"><\/div>            \n        <\/div>\n      <\/div>\n\n            \n<style>\n#banner-258411627 {\n  padding-top: 300px;\n  background-color: rgba(255, 255, 255, 0);\n}\n#banner-258411627 .bg.bg-loaded {\n  background-image: url(https:\/\/alyamamafordevelopment.com\/wp-content\/uploads\/2024\/12\/1734511653354-1200x800.jpg);\n}\n#banner-258411627 .bg {\n  background-position: 67% 25%;\n}\n@media (min-width:550px) {\n  #banner-258411627 {\n    padding-top: 400px;\n  }\n}\n@media (min-width:850px) {\n  #banner-258411627 {\n    padding-top: 550px;\n  }\n}\n<\/style>\n  <\/div>\n\n\n\t\t<\/div>\n\t\t\t\t\t<\/div>\n\n\t\n<\/div>\n\t\t<\/div>\n\n\t\t\n<style>\n#section_1792166983 {\n  padding-top: 0px;\n  padding-bottom: 0px;\n  margin-bottom: 0px;\n  min-height: 0px;\n  background-color: rgb(72, 180, 183);\n}\n@media (min-width:550px) {\n  #section_1792166983 {\n    padding-top: 0px;\n    padding-bottom: 0px;\n  }\n}\n<\/style>\n\t<\/section>","protected":false},"excerpt":{"rendered":"","protected":false},"author":1,"featured_media":0,"parent":0,"menu_order":0,"comment_status":"closed","ping_status":"closed","template":"","meta":{"footnotes":""},"class_list":["post-1074","page","type-page","status-publish","hentry"],"_links":{"self":[{"href":"https:\/\/alyamamafordevelopment.com\/ar\/wp-json\/wp\/v2\/pages\/1074"}],"collection":[{"href":"https:\/\/alyamamafordevelopment.com\/ar\/wp-json\/wp\/v2\/pages"}],"about":[{"href":"https:\/\/alyamamafordevelopment.com\/ar\/wp-json\/wp\/v2\/types\/page"}],"author":[{"embeddable":true,"href":"https:\/\/alyamamafordevelopment.com\/ar\/wp-json\/wp\/v2\/users\/1"}],"replies":[{"embeddable":true,"href":"https:\/\/alyamamafordevelopment.com\/ar\/wp-json\/wp\/v2\/comments?post=1074"}],"version-history":[{"count":81,"href":"https:\/\/alyamamafordevelopment.com\/ar\/wp-json\/wp\/v2\/pages\/1074\/revisions"}],"predecessor-version":[{"id":1843,"href":"https:\/\/alyamamafordevelopment.com\/ar\/wp-json\/wp\/v2\/pages\/1074\/revisions\/1843"}],"wp:attachment":[{"href":"https:\/\/alyamamafordevelopment.com\/ar\/wp-json\/wp\/v2\/media?parent=1074"}],"curies":[{"name":"wp","href":"https:\/\/api.w.org\/{rel}","templated":true}]}}