{"id":119,"date":"2013-08-11T20:13:42","date_gmt":"2013-08-11T20:13:42","guid":{"rendered":"http:\/\/localhost:8888\/test\/?page_id=545"},"modified":"2024-12-29T11:12:48","modified_gmt":"2024-12-29T11:12:48","slug":"faq","status":"publish","type":"page","link":"https:\/\/alyamamafordevelopment.com\/ar\/pages\/faq\/","title":{"rendered":"\u0627\u0644\u0623\u0633\u0626\u0644\u0629 \u0627\u0644\u0634\u0627\u0626\u0639\u0629"},"content":{"rendered":"<h3 class=\"accordion_title\">Foire aux Questions<\/h3><div class=\"accordion\" rel=\"1\">\n<div class=\"accordion-item\"><a href=\"#\" class=\"accordion-title plain\"><button class=\"toggle\"><i class=\"icon-angle-down\"><\/i><\/button><span>\u0645\u0627\u0647\u064a \u0627\u0644\u0645\u0631\u0627\u0641\u0642\u0629 \u0627\u0644\u0630\u0627\u062a\u064a\u0629 {\u0627\u0644\u0643\u0648\u062a\u0634\u064a\u0646}\u061f<\/span><\/a><div class=\"accordion-inner\">\n<div class=\"row\"  id=\"row-1437168475\">\n\n\t<div id=\"col-1096757392\" class=\"col small-12 large-12\"  >\n\t\t\t\t<div class=\"col-inner\"  >\n\t\t\t\n\t\t\t\n<p>\u0627\u0644\u0645\u0631\u0627\u0641\u0642\u0629 \u0627\u0644\u0630\u0627\u062a\u064a\u0629 \u0623\u0648 \u0627\u0644\u0643\u0648\u062a\u0634\u064a\u0646 \u0647\u0648 \u0646\u0648\u0639 \u0645\u0646 \u0627\u0644\u062f\u0639\u0645 \u0627\u0644\u0645\u0648\u062c\u0647 \u0644\u0644\u0623\u0641\u0631\u0627\u062f \u0623\u0648 \u0627\u0644\u0645\u062c\u0645\u0648\u0639\u0627\u062a \u0645\u0646 \u0642\u0628\u0644 \u0645\u062a\u062e\u0635\u0635 \u0645\u0624\u0647\u0644 \u064a\u0631\u062a\u0643\u0632 \u0639\u0644\u0649 \u0627\u0644\u0627\u0633\u062a\u0645\u0627\u0639 \u0648\u0627\u0644\u062d\u0636\u0648\u0631 \u0648\u0627\u0644\u0627\u0633\u062a\u0641\u0633\u0627\u0631 \u0644\u0631\u0641\u0639 \u0648\u0639\u064a \u0627\u0644\u0639\u0645\u064a\u0644 \u0628\u0627\u0644\u0639\u0642\u0628\u0627\u062a \u0627\u0644\u062a\u064a \u064a\u0648\u0627\u062c\u0647\u0647\u0627 \u0648\u062a\u0645\u0643\u064a\u0646\u0647 \u0645\u0646 \u0627\u0644\u0627\u0646\u0641\u062a\u0627\u062d \u0639\u0644\u0649 \u0622\u0641\u0627\u0642 \u062c\u062f\u064a\u062f\u0629 \u0648\u0627\u0643\u062a\u0634\u0627\u0641 \u0627\u0644\u062d\u0644\u0648\u0644 \u0627\u0644\u0645\u0646\u0627\u0633\u0628\u0629 \u0644\u062a\u062d\u0642\u064a\u0642 \u0623\u0647\u062f\u0627\u0641\u0647 \u0627\u0644\u0623\u0648\u0644\u064a\u0629.<\/p>\n\t\t<\/div>\n\t\t\t\t\t<\/div>\n\n\t\n<\/div>\n<\/div><\/div>\n<div class=\"accordion-item\"><a href=\"#\" class=\"accordion-title plain\"><button class=\"toggle\"><i class=\"icon-angle-down\"><\/i><\/button><span>Quel est le r\u00f4le du coach?<\/span><\/a><div class=\"accordion-inner\">\n<div class=\"row\"  id=\"row-324514469\">\n\n\t<div id=\"col-380058825\" class=\"col small-12 large-12\"  >\n\t\t\t\t<div class=\"col-inner\"  >\n\t\t\t\n\t\t\t\n<p>Le coach est un sp\u00e9cialiste dans le processus et les outils de coaching. Son r\u00f4le est de stimuler et de favoriser les prises de consciences chez le client de sorte \u00e0 trouver ses propres ressources et solutions ad\u00e9quates \u00e0 son objectif. Il n&rsquo;est donc pas un conseiller ni un formateur ni un th\u00e9rapeute. Le coach pendant la s\u00e9ance, g\u00e8re le processus et le temps et n&rsquo;est pas responsable du contenu.<\/p>\n\t\t<\/div>\n\t\t\t\t\t<\/div>\n\n\t\n<\/div>\n<\/div><\/div>\n<div class=\"accordion-item\"><a href=\"#\" class=\"accordion-title plain\"><button class=\"toggle\"><i class=\"icon-angle-down\"><\/i><\/button><span>Quelle est la diff\u00e9rence entre un coach et un th\u00e9rapeute?<\/span><\/a><div class=\"accordion-inner\">\n<div class=\"row\"  id=\"row-1314953038\">\n\n\t<div id=\"col-815952700\" class=\"col small-12 large-12\"  >\n\t\t\t\t<div class=\"col-inner\"  >\n\t\t\t\n\t\t\t\n<p>Un th\u00e9rapeute est un sp\u00e9cialiste qui se focalise sur le pass\u00e9 de son client et les causes des probl\u00e8mes pour lui prescrire des pratiques ou des soins. Alors que le coach se focalise sur le futur pour encourager le client \u00e0 surmonter sa situation difficile et voir les alternatives de solution, il peut parcourir le pass\u00e9 pour comprendre mieux la situation sans creuser profond\u00e9ment et sans que cela soit un objectif. il ne donne pas des prescriptions ni des solutions et laisse le client d\u00e9duire de lui m\u00eame les actions \u00e0 entreprendre.<\/p>\n\t\t<\/div>\n\t\t\t\t\t<\/div>\n\n\t\n<\/div>\n<\/div><\/div>\n<div class=\"accordion-item\"><a href=\"#\" class=\"accordion-title plain\"><button class=\"toggle\"><i class=\"icon-angle-down\"><\/i><\/button><span>Comment se d\u00e9roule le processus de coaching?<\/span><\/a><div class=\"accordion-inner\">\n<div class=\"row\"  id=\"row-139193581\">\n\n\t<div id=\"col-1151222614\" class=\"col small-12 large-12\"  >\n\t\t\t\t<div class=\"col-inner\"  >\n\t\t\t\n\t\t\t\n<p>Le processus de coaching se d\u00e9roule sous forme de s\u00e9ances en face \u00e0 face avec le client en toute confidentialit\u00e9 et s\u00e9curit\u00e9 et sans d\u00e9rangement de quoi que se soit. Les s\u00e9ances peuvent \u00eatre en pr\u00e9sentiel ou \u00e0 distance. Le processus de coaching se compose d&rsquo;\u00e9tapes sp\u00e9cifiques et d&rsquo;outils et exercices selon le cas \u00e0 coacher mais principalement sur l&rsquo;\u00e9coute bienveillante, la pr\u00e9sence et le questionnement. en moyenne une th\u00e9matique de coaching prendra au moins 5 ou 6 s\u00e9ances. mais cela d\u00e9pend de la th\u00e9matique et du client. la premi\u00e8re s\u00e9ance est d\u00e9di\u00e9e \u00e0 la clarification et le cadrage de l&rsquo;objectif du client de sorte \u00e0 le rendre SMART c&rsquo;est \u00e0 dire mesurable efficace et ne d\u00e9pendant que du coach\u00e9. cette s\u00e9ance est consacr\u00e9e \u00e9galement \u00e0 la contractualisation entre les deux parties. les s\u00e9ance qui suivent travaillent la th\u00e9matique voulue. chaque s\u00e9ance pourrait avoir un objectif d\u00e9fini \u00e0 la taille de la s\u00e9ance.<\/p>\n\t\t<\/div>\n\t\t\t\t\t<\/div>\n\n\t\n<\/div>\n<\/div><\/div>\n<div class=\"accordion-item\"><a href=\"#\" class=\"accordion-title plain\"><button class=\"toggle\"><i class=\"icon-angle-down\"><\/i><\/button><span>Quel est le r\u00f4le du coach\u00e9?<\/span><\/a><div class=\"accordion-inner\">\n<div class=\"row\"  id=\"row-111887978\">\n\n\t<div id=\"col-1222156994\" class=\"col small-12 large-12\"  >\n\t\t\t\t<div class=\"col-inner\"  >\n\t\t\t\n\t\t\t\n<p>Le coach\u00e9 est celui qui va prendre conscience des solutions qui s&rsquo;ouvrent \u00e0 lui suite au processus de coaching; il est responsable de toute la mati\u00e8re et l&rsquo;information qui se d\u00e9veloppe et est responsable des d\u00e9cisions qu&rsquo;il entame suite au coaching. il a pour r\u00f4le d&rsquo;\u00eatre disponible, de maitriser le contenu et de livrer de fa\u00e7on authentique au coach les informations qui lui permettront de l&rsquo;aider. il est libre de choisir ce qu&rsquo;il peut divulguer et ce qu&rsquo;il ne peut pas tout en informant le coach. il est responsable de l&rsquo;application des exercices et des actions qui pourront \u00eatre convenues pour l&rsquo;atteinte de son objectif.<\/p>\n\t\t<\/div>\n\t\t\t\t\t<\/div>\n\n\t\n<\/div>\n<\/div><\/div>\n<div class=\"accordion-item\"><a href=\"#\" class=\"accordion-title plain\"><button class=\"toggle\"><i class=\"icon-angle-down\"><\/i><\/button><span>Comment se d\u00e9roule une s\u00e9ance de coaching en pr\u00e9sentiel?<\/span><\/a><div class=\"accordion-inner\">\n<div class=\"row\"  id=\"row-892175156\">\n\n\t<div id=\"col-560716987\" class=\"col small-12 large-12\"  >\n\t\t\t\t<div class=\"col-inner\"  >\n\t\t\t\n\t\t\t\n<p>La s\u00e9ance de coaching en pr\u00e9sentiel commence par l&rsquo;accueil et la mise en confiance du client dans un endroit calme confidentiel, puis par le questionnement et l&rsquo;\u00e9coute du client. Le coach pendant la s\u00e9ance g\u00e8re le processus et le temps.<\/p>\n\t\t<\/div>\n\t\t\t\t\t<\/div>\n\n\t\n<\/div>\n<\/div><\/div>\n<div class=\"accordion-item\"><a href=\"#\" class=\"accordion-title plain\"><button class=\"toggle\"><i class=\"icon-angle-down\"><\/i><\/button><span>Comment se d\u00e9roule la s\u00e9ance de coaching \u00e0 distance?<\/span><\/a><div class=\"accordion-inner\">\n<div class=\"row\"  id=\"row-954303408\">\n\n\t<div id=\"col-847992221\" class=\"col small-12 large-12\"  >\n\t\t\t\t<div class=\"col-inner\"  >\n\t\t\t\n\t\t\t\n<p>La s\u00e9ance de coaching \u00e0 distance est similaire \u00e0 celle en pr\u00e9sentiel avec une pr\u00e9paration et un entrainement sur l&rsquo;outil technologique \u00e0 l&rsquo;avance. elle peut \u00eatre men\u00e9e par t\u00e9l\u00e9phone ou par une application de visualisation comme teams. Le coach et le coach\u00e9 se mettent d&rsquo;accord \u00e0 l&rsquo;avance sur l&rsquo;outil et si n\u00e9cessaire, le coach\u00e9 s&rsquo;y entraine bien avant. Le coach envoi un lien d&rsquo;invitation au coach\u00e9 qui y acc\u00e8de par un simple clic. et la s\u00e9ance commence naturellement. il est n\u00e9cessaire de pr\u00e9ciser que les \u00e9motions, les \u00e9nergies et les sentiments sont \u00e9chang\u00e9s \u00e9galement \u00e0 distance ce qui donne la m\u00eame qualit\u00e9 de coaching qu&rsquo;en pr\u00e9sentiel. Il suffit juste d&rsquo;avoir une bonne connexion et de la disponibilit\u00e9 dans des conditions calme et confidentielles sans d\u00e9rangement.<\/p>\n\t\t<\/div>\n\t\t\t\t\t<\/div>\n\n\t\n<\/div>\n<\/div><\/div>\n<div class=\"accordion-item\"><a href=\"#\" class=\"accordion-title plain\"><button class=\"toggle\"><i class=\"icon-angle-down\"><\/i><\/button><span>Qu'est ce que \u00e7a va me rapporter d'\u00eatre coach\u00e9?<\/span><\/a><div class=\"accordion-inner\">\n<div class=\"row\"  id=\"row-1370369755\">\n\n\t<div id=\"col-1870044173\" class=\"col small-12 large-12\"  >\n\t\t\t\t<div class=\"col-inner\"  >\n\t\t\t\n\t\t\t\n<p>Etre coach\u00e9 me permettra de raccourcir le temps et les circonstances d&rsquo;apprentissage de la vie en me confiant \u00e0 un sp\u00e9cialiste de confiance, disponible et pr\u00e9sent, qui me supporte et m&rsquo;accompagne dans le chemin de mon d\u00e9veloppement, en m&rsquo;illuminant et me clarifiant la voix. Je serais \u00e9paul\u00e9, accompagn\u00e9, en confiance et confidentialit\u00e9. Je prendrais conscience des apprentissages et recules n\u00e9cessaires \u00e0 l&rsquo;atteinte de mon objectif. Je serais suivi et stimul\u00e9 sur les actions que je vais entreprendre jusqu&rsquo;\u00e0 pouvoir voler avec mes propres ailes en toute s\u00e9curit\u00e9 et confiance en soi.<\/p>\n\t\t<\/div>\n\t\t\t\t\t<\/div>\n\n\t\n<\/div>\n<\/div><\/div>\n<\/div>","protected":false},"excerpt":{"rendered":"","protected":false},"author":1,"featured_media":0,"parent":85,"menu_order":0,"comment_status":"closed","ping_status":"closed","template":"","meta":{"footnotes":""},"class_list":["post-119","page","type-page","status-publish","hentry"],"_links":{"self":[{"href":"https:\/\/alyamamafordevelopment.com\/ar\/wp-json\/wp\/v2\/pages\/119"}],"collection":[{"href":"https:\/\/alyamamafordevelopment.com\/ar\/wp-json\/wp\/v2\/pages"}],"about":[{"href":"https:\/\/alyamamafordevelopment.com\/ar\/wp-json\/wp\/v2\/types\/page"}],"author":[{"embeddable":true,"href":"https:\/\/alyamamafordevelopment.com\/ar\/wp-json\/wp\/v2\/users\/1"}],"replies":[{"embeddable":true,"href":"https:\/\/alyamamafordevelopment.com\/ar\/wp-json\/wp\/v2\/comments?post=119"}],"version-history":[{"count":35,"href":"https:\/\/alyamamafordevelopment.com\/ar\/wp-json\/wp\/v2\/pages\/119\/revisions"}],"predecessor-version":[{"id":1554,"href":"https:\/\/alyamamafordevelopment.com\/ar\/wp-json\/wp\/v2\/pages\/119\/revisions\/1554"}],"up":[{"embeddable":true,"href":"https:\/\/alyamamafordevelopment.com\/ar\/wp-json\/wp\/v2\/pages\/85"}],"wp:attachment":[{"href":"https:\/\/alyamamafordevelopment.com\/ar\/wp-json\/wp\/v2\/media?parent=119"}],"curies":[{"name":"wp","href":"https:\/\/api.w.org\/{rel}","templated":true}]}}