{"id":2026,"date":"2025-04-28T14:34:21","date_gmt":"2025-04-28T13:34:21","guid":{"rendered":"https:\/\/alyamamafordevelopment.com\/?page_id=2026"},"modified":"2025-05-24T15:30:08","modified_gmt":"2025-05-24T14:30:08","slug":"lp-offre-orientation","status":"publish","type":"page","link":"https:\/\/alyamamafordevelopment.com\/ar\/lp-offre-orientation\/","title":{"rendered":"LP offre orientation"},"content":{"rendered":"<p><!DOCTYPE html><html lang=\"fr\"><head><meta charset=\"UTF-8\"><meta name=\"viewport\" content=\"width=device-width, initial-scale=1.0\"><title>Orientation Post-Bac Maroc | Assurez l&rsquo;avenir de votre enfant<\/title><link href=\"https:\/\/cdn.jsdelivr.net\/npm\/tailwindcss@2.2.19\/dist\/tailwind.min.css\" rel=\"stylesheet\"><link href=\"https:\/\/cdn.jsdelivr.net\/npm\/@fortawesome\/fontawesome-free@6.0.0\/css\/all.min.css\" rel=\"stylesheet\"><link href=\"https:\/\/fonts.googleapis.com\/css2?family=Poppins:wght@300;400;500;600;700&#038;display=swap\" rel=\"stylesheet\">\n<style>body {font-family: 'Poppins', sans-serif;color: #333;}.hero-gradient {background: linear-gradient(135deg, #0a4275 0%, #0f5e9c 100%);}.section-title::after {content: \"\";display: block;width: 80px;height: 3px;background-color: #0f5e9c;margin: 8px 0 20px;}.stat-card {transition: all 0.3s ease;}.stat-card:hover {transform: translateY(-5px);box-shadow: 0 10px 20px rgba(0,0,0,0.1);}.feature-card {transition: all 0.3s ease;}.feature-card:hover {transform: translateY(-5px);box-shadow: 0 10px 20px rgba(0,0,0,0.1);}.cta-button {transition: all 0.3s ease;position: relative;overflow: hidden;}.cta-button:after {content: \"\";position: absolute;top: 0;left: -100%;width: 100%;height: 100%;background: rgba(255,255,255,0.2);transition: all 0.3s ease;}.cta-button:hover:after {left: 100%;}.slider {position: relative;overflow: hidden;height: 500px;}.slide {position: absolute;top: 0;left: 0;width: 100%;height: 100%;opacity: 0;transition: opacity 1s ease-in-out;background-position: center;background-size: cover;}.slide.active {opacity: 1;}.countdown {font-family: 'Poppins', sans-serif;font-weight: 700;}.form-input:focus {border-color: #0f5e9c;box-shadow: 0 0 0 3px rgba(15, 94, 156, 0.3);}\/* Special animation for CTA button *\/@keyframes pulse {0% {box-shadow: 0 0 0 0 rgba(15, 94, 156, 0.7);}70% {box-shadow: 0 0 0 10px rgba(15, 94, 156, 0);}100% {box-shadow: 0 0 0 0 rgba(15, 94, 156, 0);}}.pulse {animation: pulse 2s infinite;}.rotate-180 {transform: rotate(180deg);}<\/style>\n<p><\/head><body><!-- Titre ajout\u00e9 avant les slides --><\/p>\n<section class=\"text-center py-8 bg-gray-100\">\n<h1 class=\"text-3xl md:text-4xl font-bold text-blue-900\">Programme D\u00e9collage ALYAMAMA<\/h1>\n<\/section>\n<p><!-- Hero Section with Slider --><\/p>\n<div class=\"slider pt-16 mt-2\">\n<div class=\"slide active bg-cover bg-center\" style=\"background-image: url('https:\/\/www.ameliormespotentiels.com\/wp-content\/uploads\/2021\/11\/postures-parent-conseils-orientation-Amelior-mes-potentiels.jpg');\">\n<div class=\"hero-gradient absolute inset-0 opacity-80\"><\/div>\n<div class=\"container mx-auto px-4 h-full flex items-center relative z-10\">\n<div class=\"max-w-2xl text-white\">\n<h2 class=\"text-4xl md:text-5xl font-bold mb-4text-white\">L&rsquo;avenir de votre enfant se d\u00e9cide maintenant<\/h2>\n<p class=\"text-xl mb-8\">Parce que chaque choix compte pour demain.<\/p>\n<p><a href=\"#contact\" class=\"cta-button pulse bg-yellow-500 hover:bg-yellow-600 text-white font-bold px-8 py-3 rounded-md inline-block\">Assurer son avenir d\u00e8s aujourd&rsquo;hui<\/a><\/div>\n<\/div>\n<\/div>\n<div class=\"slide bg-cover bg-center\" style=\"background-image: url('https:\/\/static.wixstatic.com\/media\/89b04f_2a8dec0c66244f0c8f0ef80a5c28c48c~mv2.png\/v1\/fill\/w_1225,h_913,al_c,q_90,usm_0.66_1.00_0.01,enc_avif,quality_auto\/89b04f_2a8dec0c66244f0c8f0ef80a5c28c48c~mv2.png');\">\n<div class=\"hero-gradient absolute inset-0 opacity-80\"><\/div>\n<div class=\"container mx-auto px-4 h-full flex items-center relative z-10\">\n<div class=\"max-w-2xl text-white\">\n<h2 class=\"text-4xl md:text-5xl font-bold mb-4 text-white\">Un partenaire pour les d\u00e9cisions importantes<\/h2>\n<p class=\"text-xl mb-8\">Prenez la meilleure d\u00e9cision pour l&rsquo;orientation post-bac avec un expert \u00e0 vos c\u00f4t\u00e9s.<\/p>\n<p><a href=\"#contact\" class=\"cta-button pulse bg-yellow-500 hover:bg-yellow-600 text-white font-bold px-8 py-3 rounded-md inline-block\">R\u00e9server une consultation<\/a><\/div>\n<\/div>\n<\/div>\n<\/div>\n<p><!-- Stats Section --><\/p>\n<section class=\"py-16 bg-gray-100\">\n<div class=\"container mx-auto px-4\">\n<h2 class=\"text-3xl font-bold mb-12 text-center\">NOS ENGAGEMENTS<\/h2>\n<div class=\"flex flex-wrap -mx-4 justify-center\">\n<div class=\"w-full md:w-1\/3 px-4 mb-6 md:mb-0\">\n<div class=\"stat-card bg-white p-8 rounded-lg shadow text-center\"><span class=\"text-5xl font-bold text-blue-800 block\">\ud83e\udded<\/span><span class=\"text-gray-600 mt-2 block\">Accompagnement de qualit\u00e9<\/span><\/div>\n<\/div>\n<div class=\"w-full md:w-1\/3 px-4 mb-6 md:mb-0\">\n<div class=\"stat-card bg-white p-8 rounded-lg shadow text-center\"><span class=\"text-5xl font-bold text-blue-800 block\">\ud83c\udfaf<\/span><span class=\"text-gray-600 mt-2 block\">Approche personalis\u00e9e<\/span><\/div>\n<\/div>\n<div class=\"w-full md:w-1\/3 px-4\">\n<div class=\"stat-card bg-white p-8 rounded-lg shadow text-center\"><span class=\"text-5xl font-bold text-blue-800 block\">\ud83d\udcc8<\/span><span class=\"text-gray-600 mt-2 block\">R\u00e9sultats concr\u00eats<\/span><\/div>\n<\/div>\n<\/div>\n<\/div>\n<\/section>\n<p><!-- Probl\u00e9matique Section --><\/p>\n<section id=\"problematique\" class=\"py-16\">\n<div class=\"container mx-auto px-4\">\n<h2 class=\"text-3xl font-bold mb-12 justify-center section-title\">Vous faites face \u00e0 des questions cruciales concernant l&rsquo;avenir de votre enfant<\/h2>\n<div class=\"mt-16 flex flex-wrap -mx-4\">\n<div class=\"w-full md:w-1\/2 px-4 mb-8 md:mb-0\">\n<div class=\"bg-white p-6 rounded-lg shadow h-full\">\n<h3 class=\"text-xl font-semibold mb-4 text-blue-800\">Pour les \u00e9tudiants<\/h3>\n<ul class=\"space-y-3\">\n<li class=\"flex items-start\"><i class=\"fas fa-check-circle text-green-500 mr-2 mt-1\"><\/i><span>Par o\u00f9 commencer pour faire le meilleur choix?<\/span><\/li>\n<li class=\"flex items-start\"><i class=\"fas fa-check-circle text-green-500 mr-2 mt-1\"><\/i><span>Comment savoir ce que je veux vraiment faire plutard?<\/span><\/li>\n<li class=\"flex items-start\"><i class=\"fas fa-check-circle text-green-500 mr-2 mt-1\"><\/i><span>Et si je me trompe d&rsquo;orientation?<\/span><\/li>\n<li class=\"flex items-start\"><i class=\"fas fa-check-circle text-green-500 mr-2 mt-1\"><\/i><span>J&rsquo;ai peur de d\u00e9cevoir mes parents avec mon choix? comment g\u00e9rer?<\/span><\/li>\n<\/ul>\n<\/div>\n<\/div>\n<div class=\"w-full md:w-1\/2 px-4\">\n<div class=\"bg-white p-6 rounded-lg shadow h-full\">\n<h3 class=\"text-xl font-semibold mb-4 text-blue-800 justify-center\">Pour les parents<\/h3>\n<ul class=\"space-y-3\">\n<li class=\"flex items-start\"><i class=\"fas fa-check-circle text-green-500 mr-2 mt-1\"><\/i><span>Votre enfant est-t-il bien outill\u00e9 pour faire le bon choix? Cette \u00e9cole lui correspond-elle vraiment?<\/span><\/li>\n<li class=\"flex items-start\"><i class=\"fas fa-check-circle text-green-500 mr-2 mt-1\"><\/i><span>Comment aider mon enfant \u00e0 choisir un m\u00e9tier qui ne le rendra pas malheureux dans 10 ans?<\/span><\/li>\n<li class=\"flex items-start\"><i class=\"fas fa-check-circle text-green-500 mr-2 mt-1\"><\/i><span>Faut il le pousser vers un metier passionant ou un m\u00e9tier stable?<\/span><\/li>\n<\/ul>\n<\/div>\n<\/div>\n<\/div>\n<div class=\"mt-12 bg-red-50 border-l-4 border-red-500 p-6 rounded-r\">\n<h3 class=\"text-xl font-semibold mb-4\">Ce que nous constatons chaque ann\u00e9e :<\/h3>\n<ul class=\"space-y-2 text-gray-700\">\n<li class=\"flex items-center\"><i class=\"fas fa-exclamation-triangle text-red-500 mr-2\"><\/i><span>Des \u00e9l\u00e8ves brillants qui ratent leur orientation par manque d&rsquo;accompagnement<\/span><\/li>\n<li class=\"flex items-center\"><i class=\"fas fa-exclamation-triangle text-red-500 mr-2\"><\/i><span>Des parents confront\u00e9s \u00e0 des probl\u00e8mes de sant\u00e9 de leurs enfants (Stress, burn out,&#8230;) <\/span><\/li>\n<li class=\"flex items-center\"><i class=\"fas fa-exclamation-triangle text-red-500 mr-2\"><\/i><span> Des \u00e9tudiants qui abandonnent leur formation <\/span><\/li>\n<\/ul>\n<\/div>\n<\/div>\n<\/section>\n<p><!-- Solution Section --><\/p>\n<section id=\"solution\" class=\"py-16 bg-gray-100\">\n<div class=\"container mx-auto px-4\">\n<div class=\"flex flex-wrap -mx-4\">\n<div class=\"w-full lg:w-1\/2 px-4 mb-8 lg:mb-0 flex items-center\"><img decoding=\"async\" src=\"https:\/\/orientus.ma\/assets\/images\/Image_professionnelle_mobile.webp\" alt=\"S\u00e9ance de coaching en orientation\" class=\"rounded-lg shadow-lg w-full\"><\/div>\n<div class=\"w-full lg:w-1\/2 px-4\">\n<h2 class=\"text-3xl font-bold mb-6 section-title\">Notre solution d&rsquo;accompagnement expert<\/h2>\n<p class=\"text-lg text-gray-600 mb-8\">Une approche \u00e9prouv\u00e9e qui a fait ses preuves aupr\u00e8s des \u00e9tudiants<\/p>\n<div class=\"space-y-6\">\n<div class=\"flex\">\n<div class=\"flex-shrink-0 mr-4\"><span class=\"flex items-center justify-center h-12 w-12 rounded-full bg-blue-800 text-white font-bold text-lg\">1<\/span><\/div>\n<div>\n<h3 class=\"text-xl font-semibold mb-2\">Bilan d&rsquo;orientation personnalis\u00e9<\/h3>\n<p class=\"text-gray-600\">Nous \u00e9valuons les comp\u00e9tences, la personnalit\u00e9 et les aspirations de votre enfant pour identifier les fili\u00e8res qui lui correspondent vraiment.<\/p>\n<\/div>\n<\/div>\n<div class=\"flex\">\n<div class=\"flex-shrink-0 mr-4\"><span class=\"flex items-center justify-center h-12 w-12 rounded-full bg-blue-800 text-white font-bold text-lg\">2<\/span><\/div>\n<div>\n<h3 class=\"text-xl font-semibold mb-2\">Projet de carri\u00e8re align\u00e9<\/h3>\n<p class=\"text-gray-600\">Accompagnement dans la d\u00e9finition d\u2019un parcours acad\u00e9mique align\u00e9 avec la personnalit\u00e9 et les ambitions de l\u2019\u00e9tudiant, pour le rendre acteur de ses choix et confiant dans son avenir.<\/p>\n<\/div>\n<\/div>\n<div class=\"flex\">\n<div class=\"flex-shrink-0 mr-4\"><span class=\"flex items-center justify-center h-12 w-12 rounded-full bg-blue-800 text-white font-bold text-lg\">3<\/span><\/div>\n<div>\n<h3 class=\"text-xl font-semibold mb-2\">D\u00e9veloppement des comp\u00e9tences cl\u00e9s<\/h3>\n<p class=\"text-gray-600\">Renforcement de la confiance en soi, de la communication et des soft skillsindispensables pour r\u00e9ussir les entretiens et s\u2019adapter aux d\u00e9fis du parcours acad\u00e9mique.<\/p>\n<\/div>\n<\/div>\n<\/div>\n<div><\/div>\n<\/div>\n<\/div>\n<\/div>\n<\/div>\n<div class=\"mt-16 flex flex-wrap -mx-4\">\n<div class=\"w-full md:w-1\/2 px-4 mb-8 md:mb-0\">\n<div class=\"bg-white p-6 rounded-lg shadow h-full\">\n<h3 class=\"text-xl font-semibold mb-4 text-blue-800\">Pour les \u00e9tudiants<\/h3>\n<ul class=\"space-y-3\">\n<li class=\"flex items-start\"><i class=\"fas fa-check-circle text-green-500 mr-2 mt-1\"><\/i><span>Clart\u00e9 sur ses options et son avenir<\/span><\/li>\n<li class=\"flex items-start\"><i class=\"fas fa-check-circle text-green-500 mr-2 mt-1\"><\/i><span>Confiance accrue lors des \u00e9preuves d&rsquo;admission<\/span><\/li>\n<li class=\"flex items-start\"><i class=\"fas fa-check-circle text-green-500 mr-2 mt-1\"><\/i><span>Pr\u00e9paration optimale aux exigences de l&rsquo;enseignement sup\u00e9rieur<\/span><\/li>\n<\/ul>\n<\/div>\n<\/div>\n<div class=\"w-full md:w-1\/2 px-4\">\n<div class=\"bg-white p-6 rounded-lg shadow h-full\">\n<h3 class=\"text-xl font-semibold mb-4 text-blue-800\">Pour les parents<\/h3>\n<ul class=\"space-y-3\">\n<li class=\"flex items-start\"><i class=\"fas fa-check-circle text-green-500 mr-2 mt-1\"><\/i><span>S\u00e9r\u00e9nit\u00e9 face \u00e0 cette \u00e9tape cruciale<\/span><\/li>\n<li class=\"flex items-start\"><i class=\"fas fa-check-circle text-green-500 mr-2 mt-1\"><\/i><span>Assurance de choix ad\u00e9quat avec le profil de mon enfant<\/span><\/li>\n<li class=\"flex items-start\"><i class=\"fas fa-check-circle text-green-500 mr-2 mt-1\"><\/i><span>Garantie d&rsquo;un investissement \u00e9ducatif pertinent et durable<\/span><\/li>\n<\/ul>\n<\/div>\n<\/div>\n<\/div>\n<\/div>\n<\/section>\n<p><!-- Offer Section --><\/p>\n<section id=\"offre\" class=\"py-16 bg-blue-800 text-white\">\n<div class=\"container mx-auto px-4\">\n<div class=\"text-center mb-4\"><span class=\"inline-block bg-yellow-500 text-blue-900 font-bold px-4 py-1 rounded-full text-sm mb-6\">OFFRE SP\u00c9CIALE LIMIT\u00c9E<\/span><\/p>\n<h2 class=\"text-3xl font-bold mb-4 text-white\">Pr\u00e9parez leur avenir d\u00e8s maintenant<\/h2>\n<p class=\"text-lg mb-12\">Une offre exceptionnelle pour ce moment crucial de l&rsquo;ann\u00e9e scolaire<\/p>\n<\/div>\n<div class=\"bg-white text-gray-800 rounded-lg shadow-xl max-w-3xl mx-auto overflow-hidden\">\n<div class=\"p-8\">\n<h3 class=\"text-2xl font-bold text-blue-800 mb-4\">Programme D\u00e9collage ALYAMAMA<\/h3>\n<ul class=\"space-y-3 mb-8\">\n<li class=\"flex items-start\"><i class=\"fas fa-check-circle text-green-500 mr-2 mt-1\"><\/i><span>Bilan d&rsquo;orientation approfondi (3 s\u00e9ances)<\/span><\/li>\n<li class=\"flex items-start\"><i class=\"fas fa-check-circle text-green-500 mr-2 mt-1\"><\/i><span>Constitution d&rsquo;un dossier de carri\u00e8re et pr\u00e9requis (2 s\u00e9ances)<\/span><\/li>\n<li class=\"flex items-start\"><i class=\"fas fa-check-circle text-green-500 mr-2 mt-1\"><\/i><span>D\u00e9veloppement des comp\u00e9tences cl\u00e9es (selon besoin) <\/span><\/li>\n<\/ul>\n<div class=\"flex items-center justify-center space-x-4 mb-6\"><span class=\"text-gray-500 line-through text-xl\">500DH<\/span><span class=\"text-3xl font-bold text-blue-800\">300 DH \/ s\u00e9ance<\/span><\/div>\n<div class=\"text-center mb-6\">\n<p class=\"text-gray-600 text-sm\"> 60 minutes par s\u00e9ance<\/p>\n<p class=\"text-gray-600 text-sm\">Offre valable jusqu&rsquo;au 20 Juin<\/p>\n<\/div>\n<div class=\"text-center\"><a href=\"#contact\" class=\"cta-button bg-blue-800 hover:bg-blue-900 text-white font-bold px-8 py-3 rounded-md inline-block w-full text-center\">R\u00e9server maintenant<\/a><\/div>\n<div class=\"mt-6 text-center text-sm text-gray-600\">\n<p>Places limit\u00e9es<\/p>\n<\/div>\n<\/div>\n<div class=\"bg-blue-100 p-4 text-center\">\n<p class=\"text-sm text-gray-600\">Nous nous engageons sur des r\u00e9sultats concrets pour votre enfant<\/p>\n<\/div>\n<\/div>\n<div class=\"text-center mt-10\">\n<p class=\"text-lg mb-6\">Le temps presse. Ne laissez pas passer cette opportunit\u00e9.<\/p>\n<p><a href=\"#contact\" class=\"cta-button bg-yellow-500 hover:bg-yellow-600 text-blue-900 font-bold px-8 py-3 rounded-md inline-block\">Prendre rendez-vous pour une consultation gratuite<\/a><\/div>\n<\/div>\n<\/section>\n<p><!-- Contact Form Section --><\/p>\n<section id=\"contact\" class=\"py-16 bg-gray-100\">\n<div class=\"container mx-auto px-4\">\n<div class=\"max-w-4xl mx-auto\">\n<h2 class=\"text-3xl font-bold mb-6 text-center\">Prenez rendez-vous d\u00e8s maintenant<\/h2>\n<p class=\"text-lg text-center text-gray-600 mb-10\">Remplissez le formulaire ci-dessous pour recevoir notre programme d\u00e9taill\u00e9 et r\u00e9server votre consultation gratuite<\/p>\n<div class=\"bg-white rounded-lg shadow-lg p-8\">\n<form id=\"contact-form\" class=\"space-y-6\" action=\"\">\n<div class=\"flex flex-wrap -mx-2\">\n<div class=\"w-full md:w-1\/2 px-2 mb-4 md:mb-0\"><label for=\"fullname\" class=\"block text-gray-700 font-medium mb-2\">Nom complet<\/label><input type=\"text\" id=\"fullname\" class=\"form-input w-full px-4 py-2 border rounded-md focus:outline-none\" required><\/div>\n<div class=\"w-full md:w-1\/2 px-2\"><label for=\"phone\" class=\"block text-gray-700 font-medium mb-2\">\u0647\u0627\u062a\u0641<\/label><input type=\"tel\" id=\"phone\" class=\"form-input w-full px-4 py-2 border rounded-md focus:outline-none\" required><\/div>\n<\/div>\n<div class=\"flex flex-wrap -mx-2\">\n<div class=\"w-full md:w-1\/2 px-2 mb-4 md:mb-0\"><label for=\"email\" class=\"block text-gray-700 font-medium mb-2\">Adresse email<\/label><input type=\"email\" id=\"email\" class=\"form-input w-full px-4 py-2 border rounded-md focus:outline-none\" required><\/div>\n<div class=\"w-full md:w-1\/2 px-2\"><label for=\"city\" class=\"block text-gray-700 font-medium mb-2\">Ville<\/label><select id=\"city\" class=\"form-input w-full px-4 py-2 border rounded-md focus:outline-none\" required><option value=\"\">S\u00e9lectionnez votre ville<\/option><option value=\"Casablanca\">Casablanca<\/option><option value=\"Rabat\">Rabat<\/option><option value=\"Marrakech\">Marrakech<\/option><option value=\"Tanger\">Tanger<\/option><option value=\"F\u00e8s\">F\u00e8s<\/option><option value=\"Agadir\">Agadir<\/option><option value=\"Autre\">Autre<\/option><\/select><\/div>\n<div class=\"w-full md:w-1\/2 px-2\"><label for=\"Vous \u00eates:\" class=\"block text-gray-700 font-medium mb-2\">Formulaire rempli par:<\/label><select id=\"saisiPar\" class=\"form-input w-full px-4 py-2 border rounded-md focus:outline-none\" required><option value=\"\">Saisi par:<\/option><option value=\"Parents\">Parent<\/option><option value=\"El\u00e8ve\">El\u00e8ve<\/option><\/select><\/div>\n<\/div>\n<div class=\"text-center\"><button type=\"submit\" id=\"download-btn\" class=\"cta-button bg-blue-800 hover:bg-blue-900 text-white font-bold px-8 py-3 rounded-md inline-block\">Recevoir Notre Programme<\/button><\/div>\n<input type=\"hidden\" name=\"trp-form-language\" value=\"ar\"\/><\/form>\n<div class=\"mt-8 text-center text-gray-600\">\n<p>Des questions? N&rsquo;h\u00e9sitez pas \u00e0 nous contacter directement au <span class=\"font-semibold\">+212 654-123023<\/span><\/p>\n<\/div>\n<\/div>\n<\/div>\n<\/div>\n<\/section>\n<p><\/body><\/html><\/p>","protected":false},"excerpt":{"rendered":"<p>Orientation Post-Bac Maroc | Assurez l&rsquo;avenir de votre enfant Programme D\u00e9collage ALYAMAMA L&rsquo;avenir de votre enfant se d\u00e9cide maintenant Parce que chaque choix compte pour demain. Assurer son avenir d\u00e8s aujourd&rsquo;hui Un partenaire pour les d\u00e9cisions importantes Prenez la meilleure d\u00e9cision pour l&rsquo;orientation post-bac avec un expert \u00e0 vos c\u00f4t\u00e9s. R\u00e9server une consultation NOS ENGAGEMENTS [&#8230;]\n","protected":false},"author":1,"featured_media":0,"parent":0,"menu_order":0,"comment_status":"closed","ping_status":"closed","template":"","meta":{"footnotes":""},"class_list":["post-2026","page","type-page","status-publish","hentry"],"_links":{"self":[{"href":"https:\/\/alyamamafordevelopment.com\/ar\/wp-json\/wp\/v2\/pages\/2026"}],"collection":[{"href":"https:\/\/alyamamafordevelopment.com\/ar\/wp-json\/wp\/v2\/pages"}],"about":[{"href":"https:\/\/alyamamafordevelopment.com\/ar\/wp-json\/wp\/v2\/types\/page"}],"author":[{"embeddable":true,"href":"https:\/\/alyamamafordevelopment.com\/ar\/wp-json\/wp\/v2\/users\/1"}],"replies":[{"embeddable":true,"href":"https:\/\/alyamamafordevelopment.com\/ar\/wp-json\/wp\/v2\/comments?post=2026"}],"version-history":[{"count":131,"href":"https:\/\/alyamamafordevelopment.com\/ar\/wp-json\/wp\/v2\/pages\/2026\/revisions"}],"predecessor-version":[{"id":2199,"href":"https:\/\/alyamamafordevelopment.com\/ar\/wp-json\/wp\/v2\/pages\/2026\/revisions\/2199"}],"wp:attachment":[{"href":"https:\/\/alyamamafordevelopment.com\/ar\/wp-json\/wp\/v2\/media?parent=2026"}],"curies":[{"name":"wp","href":"https:\/\/api.w.org\/{rel}","templated":true}]}}