{"id":519,"date":"2024-09-27T10:50:08","date_gmt":"2024-09-27T10:50:08","guid":{"rendered":"https:\/\/alyamamafordevelopment.com\/?page_id=519"},"modified":"2025-01-18T10:27:08","modified_gmt":"2025-01-18T09:27:08","slug":"conditions-generales-de-vente","status":"publish","type":"page","link":"https:\/\/alyamamafordevelopment.com\/ar\/conditions-generales-de-vente\/","title":{"rendered":"\u0627\u0644\u0634\u0631\u0648\u0637 \u0627\u0644\u0639\u0627\u0645\u0629 \u0644\u0644\u0628\u064a\u0639"},"content":{"rendered":"<p><strong>1-\u0627\u0644\u0639\u0631\u0636 \u0627\u0644\u062a\u0642\u062f\u064a\u0645\u064a\u00a0<\/strong><\/p>\n<p>\u062e\u062f\u0645\u0627\u062a <strong>\u0627\u0644\u064a\u0645\u0627\u0645\u0629 \u0644\u0644\u062a\u0646\u0645\u064a\u0629<\/strong> \u0645\u062a\u062e\u0635\u0635\u0648\u0646 \u0641\u064a \u0627\u0644\u062a\u0646\u0645\u064a\u0629 \u0627\u0644\u0634\u062e\u0635\u064a\u0629 \u0644\u0644\u0623\u0641\u0631\u0627\u062f \u0648\u0627\u0644\u0634\u0631\u0643\u0627\u062a. \u0648\u0647\u064a \u062a\u0634\u0645\u0644 \u0627\u0644\u062a\u062f\u0631\u064a\u0628 \u0648\u0627\u0644\u062a\u0648\u062c\u064a\u0647 \u0648\u0627\u0644\u062a\u0648\u062c\u064a\u0647.<\/p>\n<p>\u064a\u062a\u0645 \u062a\u0642\u062f\u064a\u0645 \u0647\u0630\u0647 \u0627\u0644\u062e\u062f\u0645\u0627\u062a \u0639\u0646 \u0628\u0639\u062f \u0623\u0648 \u0634\u062e\u0635\u064a\u0627\u064b \u0639\u0644\u0649 \u0645\u0633\u062a\u0648\u0649 \u0627\u0644\u0645\u0624\u0633\u0633\u0629 \u0623\u0648 \u0641\u064a \u0627\u0644\u0645\u0631\u0643\u0632 \u0627\u0644\u0643\u0627\u0626\u0646 \u0641\u064a:<\/p>\n<p>\u0634\u0627\u0631\u0639 \u0623\u062d\u0645\u062f \u0634\u0648\u0642\u064a \/ \u0634\u0627\u0631\u0639 \u0639\u0646\u062a\u0631\u0629 \u0634 \u0634 \u062c \u0645\u0643\u062a\u0628 \u0631\u0642\u0645 3\u060c \u0627\u0644\u0642\u0646\u064a\u0637\u0631\u0629\u060c \u0627\u0644\u0645\u063a\u0631\u0628\u060c<\/p>\n<p><strong style=\"color: #333333;\">2- \u0627\u0644\u0643\u0627\u0626\u0646<\/strong><\/p>\n<p>\u0627\u0644\u063a\u0631\u0636 \u0645\u0646 \u0634\u0631\u0648\u0637 \u0627\u0644\u0628\u064a\u0639 \u0627\u0644\u0639\u0627\u0645\u0629 (CGV) \u0647\u0648 \u062a\u062d\u062f\u064a\u062f \u0634\u0631\u0648\u0637 \u0648\u0623\u062d\u0643\u0627\u0645 \u0628\u064a\u0639 \u0627\u0644\u062e\u062f\u0645\u0627\u062a. <strong>\u0627\u0644\u064a\u0645\u0627\u0645\u0629 \u0644\u0644\u062a\u0646\u0645\u064a\u0629<\/strong>\u00a0\u0648\u0643\u0630\u0644\u0643 \u062d\u0642\u0648\u0642 \u0648\u0627\u0644\u062a\u0632\u0627\u0645\u0627\u062a \u0627\u0644\u0623\u0637\u0631\u0627\u0641.<\/p>\n<p><strong style=\"color: #333333;\">3-\u0627\u0644\u062e\u062f\u0645\u0627\u062a \u0627\u0644\u0645\u0642\u062f\u0645\u0629<\/strong><\/p>\n<p>\u0627\u0644\u062e\u062f\u0645\u0627\u062a <strong>\u0627\u0644\u064a\u0645\u0627\u0645\u0629 \u0644\u0644\u062a\u0646\u0645\u064a\u0629 <\/strong>\u0646\u0643\u0648\u0646 :<\/p>\n<ul>\n<li>\u0627\u0644\u062a\u062f\u0631\u064a\u0628 \u0627\u0644\u0641\u0631\u062f\u064a\u00a0<\/li>\n<li>\u0627\u0644\u062a\u062f\u0631\u064a\u0628 \u0627\u0644\u062c\u0645\u0627\u0639\u064a<\/li>\n<li>\u0648\u0631\u0634 \u0639\u0645\u0644 \u0648\u062a\u062f\u0631\u064a\u0628 \u0641\u064a \u0627\u0644\u062a\u0646\u0645\u064a\u0629 \u0627\u0644\u0634\u062e\u0635\u064a\u0629 \u0648\u0627\u0644\u0645\u0647\u0646\u064a\u0629<\/li>\n<li>\u0627\u0644\u062a\u0648\u062c\u064a\u0647<\/li>\n<li>\u0627\u0644\u0645\u0634\u0648\u0631\u0629 \u0648\u0627\u0644\u0627\u0633\u062a\u0634\u0627\u0631\u0629<\/li>\n<\/ul>\n<p><strong>4-\u0627\u0644\u0637\u0644\u0628 \u0648\u0627\u0644\u062a\u0633\u062c\u064a\u0644<\/strong><\/p>\n<p>\u0623\u064a \u0637\u0644\u0628 \u0623\u0648 \u062a\u0633\u062c\u064a\u0644 \u0644\u062e\u062f\u0645\u0629 \u0645\u0627 \u064a\u0639\u0646\u064a \u0642\u0628\u0648\u0644\u064b\u0627 \u063a\u064a\u0631 \u0645\u062a\u062d\u0641\u0638 \u0644\u0647\u0630\u0647 \u0627\u0644\u0634\u0631\u0648\u0637 \u0648\u0627\u0644\u0623\u062d\u0643\u0627\u0645 \u0627\u0644\u0639\u0627\u0645\u0629. \u064a\u0645\u0643\u0646 \u0625\u062c\u0631\u0627\u0621 \u0627\u0644\u0637\u0644\u0628\u0627\u062a \u0639\u0628\u0631 \u0627\u0644\u062d\u062c\u0632 \u0639\u0628\u0631 \u0627\u0644\u0625\u0646\u062a\u0631\u0646\u062a \u0639\u0644\u0649 \u0627\u0644\u0645\u0648\u0642\u0639 <a href=\"https:\/\/alyamamafordevelopment.com\/ar\/\"><strong>https:\/\/alyamamafordevelopment.com<\/strong><\/a>\u060c \u0639\u0646 \u0637\u0631\u064a\u0642 \u0627\u0644\u0647\u0627\u062a\u0641 \u0623\u0648 \u0639\u0646 \u0637\u0631\u064a\u0642 \u0627\u0644\u0628\u0631\u064a\u062f \u0627\u0644\u0625\u0644\u0643\u062a\u0631\u0648\u0646\u064a.\u00a0<\/p>\n<p><strong>5-\u0627\u0644\u062f\u0641\u0639<\/strong><\/p>\n<p>\u0628\u0627\u0644\u0646\u0633\u0628\u0629 \u0644\u062e\u062f\u0645\u0627\u062a \u0627\u0644\u062a\u062f\u0631\u064a\u0628 \u0627\u0644\u0641\u0631\u062f\u064a\u060c \u064a\u062a\u0645 \u0627\u0644\u062f\u0641\u0639 \u0628\u0627\u0644\u0643\u0627\u0645\u0644 \u0628\u0639\u062f \u0643\u0644 \u062c\u0644\u0633\u0629.<\/p>\n<p>\u0628\u0627\u0644\u0646\u0633\u0628\u0629 \u0644\u062e\u062f\u0645\u0627\u062a \u0627\u0644\u062a\u062f\u0631\u064a\u0628 \u0623\u0648 \u062e\u062f\u0645\u0627\u062a \u0627\u0644\u062a\u062f\u0631\u064a\u0628 \u0627\u0644\u062a\u0646\u0638\u064a\u0645\u064a\u060c \u064a\u062a\u0645 \u0627\u0644\u062f\u0641\u0639 \u062c\u0632\u0626\u064a\u0627\u064b \u0639\u0646\u062f \u0627\u0644\u062a\u0639\u0627\u0642\u062f \u0648\u0628\u0639\u062f \u062a\u0648\u0636\u064a\u062d \u0627\u0644\u0645\u0628\u0627\u0644\u063a \u0627\u0644\u0648\u0627\u062c\u0628 \u0633\u062f\u0627\u062f\u0647\u0627.<\/p>\n<p>\u064a\u0645\u0643\u0646 \u0627\u0644\u062f\u0641\u0639 \u0645\u0642\u0627\u0628\u0644 \u062e\u062f\u0645\u0627\u062a \u0627\u0644\u062d\u062c\u0632 \u0639\u0646 \u0637\u0631\u064a\u0642:<\/p>\n<ul>\n<li>\u062a\u062d\u0648\u064a\u0644 \u0645\u0635\u0631\u0641\u064a\u00a0<\/li>\n<li>\u062a\u062d\u0648\u064a\u0644 \u0627\u0644\u0623\u0645\u0648\u0627\u0644<\/li>\n<\/ul>\n<p>\u064a\u062c\u0628 \u0623\u0646 \u064a\u0643\u0648\u0646 \u0627\u0644\u062f\u0641\u0639 \u062c\u0632\u0626\u064a\u0627\u064b \u0639\u0646\u062f \u062d\u062c\u0632 \u0627\u0644\u0645\u0648\u0639\u062f \u0648\u0643\u0627\u0645\u0644\u0627\u064b \u0641\u064a \u0646\u0647\u0627\u064a\u0629 \u0627\u0644\u062e\u062f\u0645\u0629\u060c \u0645\u0627 \u0644\u0645 \u064a\u0643\u0646 \u0647\u0646\u0627\u0643 \u0627\u062a\u0641\u0627\u0642 \u0645\u062d\u062f\u062f \u0645\u062a\u0641\u0642 \u0639\u0644\u064a\u0647 \u0645\u0633\u0628\u0642\u0627\u064b \u0628\u064a\u0646 \u0627\u0644\u0637\u0631\u0641\u064a\u0646. \u0641\u064a \u062d\u0627\u0644\u0629 \u0627\u0644\u062a\u062f\u0631\u064a\u0628 \u0639\u0644\u0649 \u0639\u062f\u0629 \u062c\u0644\u0633\u0627\u062a\u060c \u064a\u0645\u0643\u0646 \u0627\u0644\u0627\u062a\u0641\u0627\u0642 \u0639\u0644\u0649 \u0627\u0644\u062f\u0641\u0639 \u0639\u0644\u0649 \u0639\u062f\u0629 \u0623\u0642\u0633\u0627\u0637.<\/p>\n<p><strong style=\"color: #333333;\">6- \u0627\u0644\u0625\u0644\u063a\u0627\u0621 \u0648\u0627\u0644\u062a\u0623\u062c\u064a\u0644<\/strong><\/p>\n<ul>\n<li><strong>\u0627\u0644\u0625\u0644\u063a\u0627\u0621 \u0645\u0646 \u0642\u0628\u0644 \u0627\u0644\u0639\u0645\u064a\u0644<\/strong>: \u0623\u064a \u0637\u0644\u0628 \u0644\u0625\u0644\u063a\u0627\u0621 \u0637\u0644\u0628 \u062e\u062f\u0645\u0629 \u0627\u0644\u062a\u062f\u0631\u064a\u0628 \u0623\u0648 \u0627\u0644\u062a\u062f\u0631\u064a\u0628 \u0627\u0644\u0645\u062a\u0639\u0627\u0642\u062f \u0639\u0644\u064a\u0647\u0627 \u0633\u0627\u0628\u0642\u064b\u0627 \u0645\u0639 \u0625\u062d\u062f\u0649 \u0627\u0644\u0645\u0646\u0638\u0645\u0627\u062a \u064a\u062c\u0628 \u0623\u0646 \u064a\u062a\u0645 \u0639\u0646 \u0637\u0631\u064a\u0642 \u0627\u0644\u0647\u0627\u062a\u0641 \u0623\u0648 \u0643\u062a\u0627\u0628\u064a\u064b\u0627 (\u0627\u0644\u0628\u0631\u064a\u062f \u0627\u0644\u0625\u0644\u0643\u062a\u0631\u0648\u0646\u064a) \u0642\u0628\u0644 \u0623\u0643\u062b\u0631 \u0645\u0646 20 \u064a\u0648\u0645 \u0639\u0645\u0644 \u0639\u0644\u0649 \u0627\u0644\u0623\u0642\u0644 \u0645\u0646 \u062a\u0627\u0631\u064a\u062e \u0627\u0644\u062e\u062f\u0645\u0629. \u0648\u0641\u064a \u0647\u0630\u0647 \u0627\u0644\u062d\u0627\u0644\u0629 \u064a\u0645\u0643\u0646 \u0627\u0633\u062a\u0631\u062f\u0627\u062f \u0627\u0644\u0645\u0628\u0644\u063a \u0628\u0627\u0644\u0643\u0627\u0645\u0644.<\/li>\n<li>\u0625\u0630\u0627 \u062d\u062f\u062b \u0627\u0644\u0625\u0644\u063a\u0627\u0621 \u0642\u0628\u0644 \u0623\u0643\u062b\u0631 \u0645\u0646 15 \u064a\u0648\u0645\u064b\u0627 \u0648\u0623\u0642\u0644 \u0645\u0646 20 \u064a\u0648\u0645 \u0639\u0645\u0644 \u0645\u0646 \u0627\u0644\u062e\u062f\u0645\u0629\u060c \u0641\u0642\u062f \u064a\u062a\u0645 \u0627\u0633\u062a\u0631\u062f\u0627\u062f \u062c\u0632\u0621 \u0645\u0646 \u0627\u0644\u0645\u0628\u0644\u063a (50%).<\/li>\n<li>\u0625\u0630\u0627 \u062d\u062f\u062b \u0627\u0644\u0625\u0644\u063a\u0627\u0621 \u0642\u0628\u0644 \u0623\u0642\u0644 \u0645\u0646 15 \u064a\u0648\u0645 \u0639\u0645\u0644 \u0645\u0646 \u0645\u0648\u0639\u062f \u0627\u0644\u062e\u062f\u0645\u0629\u060c \u0641\u0644\u0646 \u064a\u062a\u0645 \u0627\u0633\u062a\u0631\u062f\u0627\u062f \u0623\u064a \u0645\u0628\u0644\u063a.<\/li>\n<\/ul>\n<ul>\n<li><strong>\u062a\u0623\u062c\u064a\u0644 \u0627\u0644\u062c\u0644\u0633\u0629<\/strong>: \u064a\u062c\u0648\u0632 \u0644\u0644\u0639\u0645\u064a\u0644 \u0627\u0644\u0641\u0631\u062f\u064a \u0623\u0646 \u064a\u0637\u0644\u0628 \u062a\u0623\u062c\u064a\u0644 \u062c\u0644\u0633\u0629 \u0627\u0644\u062a\u062f\u0631\u064a\u0628 \u0623\u0648 \u0627\u0644\u062a\u062f\u0631\u064a\u0628 \u0639\u0646 \u0637\u0631\u064a\u0642 \u0625\u062e\u0637\u0627\u0631 \u0627\u0644\u0634\u0631\u0643\u0629 \u0642\u0628\u0644 48 \u0633\u0627\u0639\u0629 \u0639\u0644\u0649 \u0627\u0644\u0623\u0642\u0644.\u00a0<\/li>\n<li>\u064a\u0645\u0643\u0646 \u0644\u0639\u0645\u064a\u0644 \u0627\u0644\u0645\u0624\u0633\u0633\u0629 \u0637\u0644\u0628 \u062a\u0623\u062c\u064a\u0644 \u0645\u0648\u0639\u062f \u0627\u0644\u062e\u062f\u0645\u0629 \u0639\u0646 \u0637\u0631\u064a\u0642 \u0625\u062e\u0637\u0627\u0631 \u0627\u0644\u0634\u0631\u0643\u0629 \u0642\u0628\u0644 15 \u064a\u0648\u0645 \u0639\u0645\u0644 \u0639\u0644\u0649 \u0627\u0644\u0623\u0642\u0644. \u0628\u0639\u062f \u0647\u0630\u0647 \u0627\u0644\u0641\u062a\u0631\u0629\u060c \u0633\u064a\u062a\u0645 \u0625\u0635\u062f\u0627\u0631 \u0641\u0627\u062a\u0648\u0631\u0629 \u0644\u0644\u062c\u0644\u0633\u0629 \u0627\u0644\u0645\u062c\u062f\u0648\u0644\u0629.<\/li>\n<li>\u00a0<\/li>\n<li><strong>\u0625\u064a\u0642\u0627\u0641 \u0623\u0648 \u0625\u0644\u063a\u0627\u0621 \u0627\u0644\u062e\u062f\u0645\u0629 \u0645\u0646 \u0642\u0628\u0644 \u0627\u0644\u0645\u062f\u0631\u0628\/ \u0627\u0644\u0645\u062f\u0631\u0628 <\/strong>: \u0627\u0644\u0645\u062f\u0631\u0628 \u0627\u0644\u0645\u062f\u0631\u0628 \u0644\u0623\u0633\u0628\u0627\u0628 \u062a\u0642\u0639 \u0636\u0645\u0646 \u0645\u0633\u0624\u0648\u0644\u064a\u062a\u0647 (\u0627\u0646\u0638\u0631 <a href=\"https:\/\/alyamamafordevelopment.com\/ar\/charte-de-deontologie\/\">\u0645\u064a\u062b\u0627\u0642 \u0627\u0644\u0623\u062e\u0644\u0627\u0642<\/a>) \u064a\u062c\u0648\u0632 \u0644\u0647\u0627 \u0625\u0644\u063a\u0627\u0621 \u0623\u0648 \u0625\u064a\u0642\u0627\u0641 \u0627\u0644\u062e\u062f\u0645\u0629 \u0627\u0644\u0645\u0642\u062f\u0645\u0629 \u0644\u0639\u0645\u064a\u0644 \u0641\u0631\u062f\u064a \u0623\u0648 \u0645\u0624\u0633\u0633\u0629. \u0648\u0641\u064a \u0647\u0630\u0647 \u0627\u0644\u062d\u0627\u0644\u0629 \u064a\u0642\u0648\u0645 \u0628\u062a\u0642\u062f\u064a\u0645 \u062a\u0642\u0631\u064a\u0631 \u0639\u0646 \u0627\u0644\u062c\u0644\u0633\u0627\u062a \u0627\u0644\u062a\u064a \u062a\u0645 \u062a\u0646\u0641\u064a\u0630\u0647\u0627 \u0644\u0644\u0639\u0645\u064a\u0644.<\/li>\n<li>\u0641\u064a \u062d\u0627\u0644\u0629 \u0627\u0644\u062a\u0648\u0642\u0641 \u0623\u0648 \u0627\u0644\u0625\u0644\u063a\u0627\u0621 \u0645\u0646 \u0642\u0628\u0644 \u0627\u0644\u0645\u062f\u0631\u0628\u060c \u0633\u064a\u062a\u0645 \u062a\u0639\u0648\u064a\u0636 \u0627\u0644\u0639\u0645\u064a\u0644 \u0639\u0646 \u0627\u0644\u062e\u062f\u0645\u0627\u062a \u0627\u0644\u062a\u064a \u0644\u0645 \u064a\u0642\u062f\u0645\u0647\u0627 \u0625\u0630\u0627 \u062a\u0645 \u062f\u0641\u0639\u0647\u0627 \u0645\u0642\u062f\u0645\u0627.<\/li>\n<\/ul>\n<p><strong>7- \u0627\u0644\u0623\u062e\u0644\u0627\u0642\u00a0<\/strong><\/p>\n<p>\u064a\u062a\u0639\u0647\u062f \u0639\u0645\u0644\u0627\u0624\u0646\u0627 \u0623\u0648 \u0634\u0631\u0643\u0627\u0624\u0646\u0627 \u0628\u0627\u062d\u062a\u0631\u0627\u0645 \u0627\u0644\u0645\u064a\u062b\u0627\u0642 \u0627\u0644\u0623\u062e\u0644\u0627\u0642\u064a \u0644\u0644\u0634\u0631\u0643\u0629 \u0648\u0645\u0634\u0627\u0631\u0643\u0629 \u0642\u064a\u0645 \u0627\u0644\u064a\u0645\u0627\u0645\u0629 \u0644\u0644\u062a\u0646\u0645\u064a\u0629 \u0627\u0644\u0645\u0646\u0634\u0648\u0631\u0629 \u0639\u0644\u0649 \u0645\u0648\u0642\u0639\u0646\u0627.<\/p>\n<p><a href=\"https:\/\/alyamamafordevelopment.com\/ar\/charte-de-deontologie\/\">\u0645\u064a\u062b\u0627\u0642 \u0627\u0644\u0623\u062e\u0644\u0627\u0642<\/a><\/p>\n<p><a href=\"https:\/\/alyamamafordevelopment.com\/ar\/nos-valeurs\/\">\u0642\u064a\u0645\u0646\u0627<\/a><\/p>\n<p><strong style=\"color: #333333;\">8- \u0627\u0644\u0645\u0633\u0624\u0648\u0644\u064a\u0629<\/strong><\/p>\n<p>\u064a\u062a\u0639\u0647\u062f \u0627\u0644\u0645\u062f\u0631\u0628\u0648\u0646 \u0628\u062a\u0646\u0641\u064a\u0630 \u0643\u0627\u0641\u0629 \u0627\u0644\u0648\u0633\u0627\u0626\u0644 \u0627\u0644\u0644\u0627\u0632\u0645\u0629 \u0644\u0636\u0645\u0627\u0646 \u0625\u062a\u0645\u0627\u0645 \u0627\u0644\u062e\u062f\u0645\u0627\u062a \u0628\u0646\u062c\u0627\u062d. \u0644\u0643\u0646 \u0647\u0630\u0627 \u0627\u0644\u062a\u0632\u0627\u0645 \u0628\u0627\u0644\u0648\u0633\u0627\u0626\u0644 \u0648\u0644\u064a\u0633 \u0628\u0627\u0644\u0646\u062a\u0627\u0626\u062c. \u0644\u0627 \u064a\u0645\u0643\u0646 \u062a\u062d\u0645\u064a\u0644 \u0627\u0644\u0645\u062f\u0631\u0628\u064a\u0646\/\u0627\u0644\u0645\u062f\u0631\u0628\u064a\u0646 \u0645\u0633\u0624\u0648\u0644\u064a\u0629 \u0627\u0644\u0641\u0634\u0644 \u0641\u064a \u062a\u062d\u0642\u064a\u0642 \u0627\u0644\u0623\u0647\u062f\u0627\u0641 \u0627\u0644\u0645\u062d\u062f\u062f\u0629 \u0648\u0627\u0644\u062a\u064a \u062a\u0639\u062a\u0645\u062f \u0639\u0644\u0649 \u062f\u0631\u062c\u0629 \u0627\u0633\u062a\u062b\u0645\u0627\u0631 \u0627\u0644\u0639\u0645\u064a\u0644 \u0641\u064a \u0627\u0644\u0639\u0645\u0644\u064a\u0629 (\u0627\u0646\u0638\u0631 <a href=\"https:\/\/alyamamafordevelopment.com\/ar\/charte-de-deontologie\/\">\u0645\u064a\u062b\u0627\u0642 \u0627\u0644\u0623\u062e\u0644\u0627\u0642<\/a> ).<\/p>\n<p><strong style=\"color: #333333;\">9-\u0627\u0644\u0645\u0644\u0643\u064a\u0629 \u0627\u0644\u0641\u0643\u0631\u064a\u0629<\/strong><\/p>\n<p>\u062c\u0645\u064a\u0639 \u0627\u0644\u0645\u0648\u0627\u062f \u0627\u0644\u062a\u062f\u0631\u064a\u0628\u064a\u0629 \u0648\u0627\u0644\u0648\u062b\u0627\u0626\u0642 \u0627\u0644\u0645\u0642\u062f\u0645\u0629 \u0644\u0644\u0639\u0645\u064a\u0644 \u0643\u062c\u0632\u0621 \u0645\u0646 \u0627\u0644\u062e\u062f\u0645\u0627\u062a \u0627\u0644\u0645\u0642\u062f\u0645\u0629 \u062a\u0638\u0644 \u0645\u0644\u0643\u064a\u0629 \u062d\u0635\u0631\u064a\u0629 \u0644\u0645\u0631\u0643\u0632 \u0627\u0644\u064a\u0645\u0627\u0645\u0629 \u0644\u0644\u062a\u0646\u0645\u064a\u0629. \u0648\u064a\u062a\u0639\u0647\u062f \u0627\u0644\u0639\u0645\u064a\u0644 \u0628\u0639\u062f\u0645 \u0625\u0639\u0627\u062f\u0629 \u0625\u0646\u062a\u0627\u062c \u0623\u0648 \u062a\u0648\u0632\u064a\u0639 \u0623\u0648 \u0627\u0633\u062a\u063a\u0644\u0627\u0644 \u0647\u0630\u0647 \u0627\u0644\u0648\u062b\u0627\u0626\u0642 \u062f\u0648\u0646 \u0627\u0644\u062d\u0635\u0648\u0644 \u0639\u0644\u0649 \u0625\u0630\u0646 \u0645\u0633\u0628\u0642 \u0645\u0646 \u0645\u0624\u0633\u0633 \u0627\u0644\u0645\u0631\u0643\u0632.<\/p>\n<p><strong style=\"color: #333333;\">10- \u062d\u0645\u0627\u064a\u0629 \u0627\u0644\u0628\u064a\u0627\u0646\u0627\u062a \u0627\u0644\u0634\u062e\u0635\u064a\u0629<\/strong><\/p>\n<p>\u062a\u062a\u0639\u0647\u062f \u0627\u0644\u0634\u0631\u0643\u0629 \u0628\u0627\u062d\u062a\u0631\u0627\u0645 \u0633\u0631\u064a\u0629 \u0627\u0644\u0628\u064a\u0627\u0646\u0627\u062a \u0627\u0644\u0634\u062e\u0635\u064a\u0629 \u0627\u0644\u062a\u064a \u064a\u0631\u0633\u0644\u0647\u0627 \u0627\u0644\u0639\u0645\u064a\u0644\u060c \u0648\u0641\u0642\u064b\u0627 \u0644\u0644\u0648\u0627\u0626\u062d \u0627\u0644\u062d\u0627\u0644\u064a\u0629. \u064a\u062a\u0645 \u0627\u0633\u062a\u062e\u062f\u0627\u0645 \u0627\u0644\u0645\u0639\u0644\u0648\u0645\u0627\u062a \u0627\u0644\u062a\u064a \u062a\u0645 \u062c\u0645\u0639\u0647\u0627 \u062d\u0635\u0631\u064a\u064b\u0627 \u0644\u0645\u0639\u0627\u0644\u062c\u0629 \u0627\u0644\u0637\u0644\u0628 \u0648\u0627\u0644\u062a\u0648\u0627\u0635\u0644 \u0645\u0639 \u0627\u0644\u0639\u0645\u064a\u0644. \u064a\u062d\u0642 \u0644\u0644\u0639\u0645\u064a\u0644 \u0627\u0644\u0648\u0635\u0648\u0644 \u0625\u0644\u0649 \u0628\u064a\u0627\u0646\u0627\u062a\u0647 \u0648\u062a\u0635\u062d\u064a\u062d\u0647\u0627 \u0648\u062d\u0630\u0641\u0647\u0627 (\u0627\u0646\u0638\u0631 <a href=\"https:\/\/alyamamafordevelopment.com\/ar\/politique-de-confidentialite\/\">\u0633\u064a\u0627\u0633\u0629 \u0627\u0644\u062e\u0635\u0648\u0635\u064a\u0629<\/a>).<\/p>\n<p><strong style=\"color: #333333;\">11-\u0627\u0644\u0646\u0632\u0627\u0639\u0627\u062a<\/strong><\/p>\n<p>\u0648\u0647\u0630\u0647 \u0627\u0644\u0634\u0631\u0648\u0637 \u0627\u0644\u0639\u0627\u0645\u0629 \u062a\u062e\u0636\u0639 \u0644\u0644\u0642\u0627\u0646\u0648\u0646\u00a0<strong>\u0645\u062d\u0644\u064a\/\u0645\u063a\u0631\u0628\u064a<\/strong>. \u0641\u064a \u062d\u0627\u0644\u0629 \u0648\u062c\u0648\u062f \u0646\u0632\u0627\u0639 \u0623\u0648 \u0634\u0643\u0648\u0649\u060c \u064a\u062c\u0628 \u0639\u0644\u0649 \u0627\u0644\u0639\u0645\u064a\u0644 \u0627\u0644\u0627\u062a\u0635\u0627\u0644 \u0628\u0627\u0644\u0634\u0631\u0643\u0629 \u0643\u0623\u0648\u0644\u0648\u064a\u0629 \u0645\u0646 \u0623\u062c\u0644 \u0625\u064a\u062c\u0627\u062f \u062d\u0644 \u0648\u062f\u064a. \u0648\u0641\u064a \u062d\u0627\u0644\u0629 \u0639\u062f\u0645 \u0627\u0644\u0627\u062a\u0641\u0627\u0642\u060c \u0633\u064a\u062a\u0645 \u0639\u0631\u0636 \u0627\u0644\u0646\u0632\u0627\u0639 \u0623\u0645\u0627\u0645 \u0627\u0644\u0645\u062d\u0627\u0643\u0645 \u0627\u0644\u0645\u062e\u062a\u0635\u0629 \u0641\u064a \u0645\u062f\u064a\u0646\u0629 \u0627\u0644\u0642\u0646\u064a\u0637\u0631\u0629 \u0628\u0627\u0644\u0645\u063a\u0631\u0628.<\/p>\n<p><strong style=\"color: #333333;\">12-\u0642\u0628\u0648\u0644 \u0627\u0644\u0634\u0631\u0648\u0637 \u0627\u0644\u0639\u0627\u0645\u0629 \u0644\u0644\u0628\u064a\u0639<\/strong><\/p>\n<p>\u064a\u0642\u0631 \u0627\u0644\u0639\u0645\u064a\u0644 \u0628\u0623\u0646\u0647 \u0642\u0631\u0623 \u0634\u0631\u0648\u0637 \u0627\u0644\u0628\u064a\u0639 \u0627\u0644\u0639\u0627\u0645\u0629 \u0647\u0630\u0647 \u0642\u0628\u0644 \u062a\u0642\u062f\u064a\u0645 \u0627\u0644\u0637\u0644\u0628 \u0623\u0648 \u0627\u0644\u062a\u0633\u062c\u064a\u0644 \u0644\u0644\u062d\u0635\u0648\u0644 \u0639\u0644\u0649 \u0627\u0644\u062e\u062f\u0645\u0629. \u064a\u0634\u0643\u0644 \u0623\u064a \u0637\u0644\u0628 \u0623\u0648 \u062a\u0633\u062c\u064a\u0644 \u0642\u0628\u0648\u0644\u064b\u0627 \u0643\u0627\u0645\u0644\u0627\u064b \u0644\u0647\u0630\u0647 \u0627\u0644\u0634\u0631\u0648\u0637 \u0648\u0627\u0644\u0623\u062d\u0643\u0627\u0645 \u0627\u0644\u0639\u0627\u0645\u0629.<\/p>\n<p><strong>\u0645\u0631\u0643\u0632 \u0627\u0644\u064a\u0645\u0627\u0645\u0629 \u0644\u0644\u062a\u0646\u0645\u064a\u0629: <\/strong><\/p>\n<p><strong>\u0627\u0644\u0639\u0646\u0648\u0627\u0646: \u0634\u0627\u0631\u0639 \u0623\u062d\u0645\u062f \u0634\u0648\u0642\u064a \/ \u0634\u0627\u0631\u0639 \u0639\u0646\u062a\u0631\u0629\u060c \u0634 \u062c\u060c \u0645\u0643\u062a\u0628 \u0631\u0642\u0645 3\u060c \u0627\u0644\u0642\u0646\u064a\u0637\u0631\u0629\u060c \u0627\u0644\u0645\u063a\u0631\u0628 <\/strong><\/p>\n<p><strong>\u0627\u0644\u0627\u062a\u0635\u0627\u0644: +212 6 54 12 30 23 <\/strong><\/p>","protected":false},"excerpt":{"rendered":"<p>1-Pr\u00e9sentation\u00a0 Les services Alyamama for Development sont sp\u00e9cialis\u00e9s dans le d\u00e9veloppement personnel \u00e0 destination des particuliers et des entreprises. Elles regroupent le Coaching, la formation et le mentoring. Ces prestations sont fournies \u00e0 distance ou en pr\u00e9sentiel au niveau des organisations ou au centre situ\u00e9 \u00e0 : Rue Ahmed Chaouqi \/ Rue Antara, Imm C, [&#8230;]\n","protected":false},"author":1,"featured_media":0,"parent":0,"menu_order":0,"comment_status":"closed","ping_status":"closed","template":"","meta":{"footnotes":""},"class_list":["post-519","page","type-page","status-publish","hentry"],"_links":{"self":[{"href":"https:\/\/alyamamafordevelopment.com\/ar\/wp-json\/wp\/v2\/pages\/519"}],"collection":[{"href":"https:\/\/alyamamafordevelopment.com\/ar\/wp-json\/wp\/v2\/pages"}],"about":[{"href":"https:\/\/alyamamafordevelopment.com\/ar\/wp-json\/wp\/v2\/types\/page"}],"author":[{"embeddable":true,"href":"https:\/\/alyamamafordevelopment.com\/ar\/wp-json\/wp\/v2\/users\/1"}],"replies":[{"embeddable":true,"href":"https:\/\/alyamamafordevelopment.com\/ar\/wp-json\/wp\/v2\/comments?post=519"}],"version-history":[{"count":5,"href":"https:\/\/alyamamafordevelopment.com\/ar\/wp-json\/wp\/v2\/pages\/519\/revisions"}],"predecessor-version":[{"id":1804,"href":"https:\/\/alyamamafordevelopment.com\/ar\/wp-json\/wp\/v2\/pages\/519\/revisions\/1804"}],"wp:attachment":[{"href":"https:\/\/alyamamafordevelopment.com\/ar\/wp-json\/wp\/v2\/media?parent=519"}],"curies":[{"name":"wp","href":"https:\/\/api.w.org\/{rel}","templated":true}]}}