{"id":524,"date":"2024-09-27T11:21:43","date_gmt":"2024-09-27T11:21:43","guid":{"rendered":"https:\/\/alyamamafordevelopment.com\/?page_id=524"},"modified":"2025-01-18T10:40:38","modified_gmt":"2025-01-18T09:40:38","slug":"politique-de-confidentialite","status":"publish","type":"page","link":"https:\/\/alyamamafordevelopment.com\/ar\/politique-de-confidentialite\/","title":{"rendered":"\u0633\u064a\u0627\u0633\u0629 \u0627\u0644\u062e\u0635\u0648\u0635\u064a\u0629"},"content":{"rendered":"<h3><strong>1. Introduction<\/strong><\/h3>\n<p>\u062e\u062f\u0645\u0627\u062a <strong>\u0627\u0644\u064a\u0645\u0627\u0645\u0629 \u0644\u0644\u062a\u0646\u0645\u064a\u0629<\/strong>, sont r\u00e9gis par des r\u00e8gles de confidentialit\u00e9 pour prot\u00e9ger la vie priv\u00e9e et les donn\u00e9es personnelles de ses clients et visiteurs. en ce qui suit, nous d\u00e9crivons comment nous collectons, utilisons, partageons et prot\u00e9geons les informations personnelles dans le cadre de nos prestations de coaching, formation, mentoring et autres services associ\u00e9s.<\/p>\n<h3><strong>2. \u062c\u0645\u0639 \u0627\u0644\u0628\u064a\u0627\u0646\u0627\u062a \u0627\u0644\u0634\u062e\u0635\u064a\u0629<\/strong><\/h3>\n<p>\u0646\u0642\u0648\u0645 \u0628\u062c\u0645\u0639 \u0627\u0644\u0628\u064a\u0627\u0646\u0627\u062a \u0627\u0644\u0634\u062e\u0635\u064a\u0629 \u0641\u064a \u0627\u0644\u062d\u0627\u0644\u0627\u062a \u0627\u0644\u062a\u0627\u0644\u064a\u0629:<\/p>\n<ul>\n<li>\u0639\u0646\u062f \u062a\u0635\u0641\u062d \u0645\u0648\u0642\u0639\u0646\u0627.<\/li>\n<li>\u0639\u0646\u062f \u0627\u0644\u0627\u062a\u0635\u0627\u0644 \u0628\u0646\u0627 \u0639\u0628\u0631 \u0645\u0648\u0642\u0639\u0646\u0627 \u0627\u0644\u0625\u0644\u0643\u062a\u0631\u0648\u0646\u064a \u0623\u0648 \u0627\u0644\u0647\u0627\u062a\u0641 \u0623\u0648 \u0627\u0644\u0628\u0631\u064a\u062f \u0627\u0644\u0625\u0644\u0643\u062a\u0631\u0648\u0646\u064a.<\/li>\n<li>Lors de l\u2019inscription ou la contractualisation \u00e0 l\u2019un de nos services.<\/li>\n<\/ul>\n<p>\u062a\u062a\u0636\u0645\u0646 \u0627\u0644\u0645\u0639\u0644\u0648\u0645\u0627\u062a \u0627\u0644\u062a\u064a \u0642\u062f \u0646\u062c\u0645\u0639\u0647\u0627 \u0645\u0627 \u064a\u0644\u064a:<\/p>\n<ul>\n<li><strong>\u0628\u064a\u0627\u0646\u0627\u062a \u0627\u0644\u062a\u0639\u0631\u064a\u0641<\/strong>: \u0627\u0644\u0627\u0633\u0645\u060c \u0627\u0644\u0627\u0633\u0645 \u0627\u0644\u0623\u0648\u0644\u060c \u0639\u0646\u0648\u0627\u0646 \u0627\u0644\u0628\u0631\u064a\u062f \u0627\u0644\u0625\u0644\u0643\u062a\u0631\u0648\u0646\u064a\u060c \u0631\u0642\u0645 \u0627\u0644\u0647\u0627\u062a\u0641\u060c \u0627\u0644\u062e.<\/li>\n<li><strong>\u0627\u0644\u0628\u064a\u0627\u0646\u0627\u062a \u0627\u0644\u0645\u0647\u0646\u064a\u0629<\/strong>: \u0627\u0644\u0645\u0646\u0635\u0628 \u0627\u0644\u0630\u064a \u064a\u0634\u063a\u0644\u0647\u060c \u0627\u0644\u0634\u0631\u0643\u0629\u060c \u0642\u0637\u0627\u0639 \u0627\u0644\u0646\u0634\u0627\u0637.<\/li>\n<li><strong>\u0628\u064a\u0627\u0646\u0627\u062a \u0627\u0644\u062f\u0641\u0639<\/strong>: \u0627\u0644\u062a\u0641\u0627\u0635\u064a\u0644 \u0627\u0644\u0645\u0635\u0631\u0641\u064a\u0629 \u0644\u0641\u0648\u0627\u062a\u064a\u0631 \u0627\u0644\u062e\u062f\u0645\u0627\u062a.<\/li>\n<li><strong>\u0628\u064a\u0627\u0646\u0627\u062a \u0627\u0644\u0627\u062a\u0635\u0627\u0644<\/strong>: adresse IP, type de navigateur, pages visit\u00e9es sur notre site. (voir point 7. Cookies)<\/li>\n<\/ul>\n<h3><strong>3. \u0627\u0633\u062a\u062e\u062f\u0627\u0645 \u0627\u0644\u0628\u064a\u0627\u0646\u0627\u062a \u0627\u0644\u0634\u062e\u0635\u064a\u0629<\/strong><\/h3>\n<p>\u064a\u062a\u0645 \u0627\u0633\u062a\u062e\u062f\u0627\u0645 \u0627\u0644\u0628\u064a\u0627\u0646\u0627\u062a \u0627\u0644\u062a\u064a \u062a\u0645 \u062c\u0645\u0639\u0647\u0627 \u0645\u0646 \u0623\u062c\u0644:<\/p>\n<ul>\n<li>\u062a\u0642\u062f\u064a\u0645 \u0627\u0644\u062e\u062f\u0645\u0627\u062a \u0627\u0644\u0645\u0637\u0644\u0648\u0628\u0629.<\/li>\n<li>\u0625\u062f\u0627\u0631\u0629 \u0627\u0644\u062a\u0633\u062c\u064a\u0644\u0627\u062a \u0648\u0627\u0644\u062d\u062c\u0648\u0632\u0627\u062a \u0648\u0627\u0644\u0645\u062f\u0641\u0648\u0639\u0627\u062a.<\/li>\n<li>Am\u00e9liorer nos services.<\/li>\n<li>\u0625\u062c\u0631\u0627\u0621 \u0627\u0644\u062a\u062d\u0644\u064a\u0644\u0627\u062a \u0627\u0644\u0625\u062d\u0635\u0627\u0626\u064a\u0629 \u0644\u062a\u062d\u0633\u064a\u0646 \u062a\u062c\u0631\u0628\u0629 \u0627\u0644\u0639\u0645\u0644\u0627\u0621.<\/li>\n<li>Communiquer les newsletters et les actualit\u00e9s sur nos prestations.<\/li>\n<li>Informer sur les offres et les promotions.<\/li>\n<\/ul>\n<h3><strong>4. \u0645\u0634\u0627\u0631\u0643\u0629 \u0627\u0644\u0628\u064a\u0627\u0646\u0627\u062a \u0627\u0644\u0634\u062e\u0635\u064a\u0629<\/strong><\/h3>\n<p>\u0646\u062d\u0646 \u0644\u0627 \u0646\u0634\u0627\u0631\u0643 \u0628\u064a\u0627\u0646\u0627\u062a\u0643 \u0627\u0644\u0634\u062e\u0635\u064a\u0629 \u0645\u0639 \u0623\u0637\u0631\u0627\u0641 \u062b\u0627\u0644\u062b\u0629 \u0625\u0644\u0627 \u0641\u064a \u0627\u0644\u062d\u0627\u0644\u0627\u062a \u0627\u0644\u062a\u0627\u0644\u064a\u0629:<\/p>\n<ul>\n<li><strong>\u0645\u0642\u062f\u0645\u064a \u0627\u0644\u062e\u062f\u0645\u0627\u062a <\/strong>: \u0646\u062d\u0646 \u0646\u0633\u062a\u0639\u064a\u0646 \u0628\u0645\u0642\u062f\u0645\u064a \u0627\u0644\u062e\u062f\u0645\u0627\u062a \u0644\u062e\u062f\u0645\u0627\u062a \u0645\u062b\u0644 \u0627\u0633\u062a\u0636\u0627\u0641\u0629 \u0627\u0644\u0648\u064a\u0628 \u0623\u0648 \u0625\u0631\u0633\u0627\u0644 \u0631\u0633\u0627\u0626\u0644 \u0627\u0644\u0628\u0631\u064a\u062f \u0627\u0644\u0625\u0644\u0643\u062a\u0631\u0648\u0646\u064a. \u064a\u0633\u062a\u0637\u064a\u0639 \u0645\u0642\u062f\u0645\u0648 \u0627\u0644\u062e\u062f\u0645\u0627\u062a \u0647\u0624\u0644\u0627\u0621 \u0627\u0644\u0648\u0635\u0648\u0644 \u0625\u0644\u0649 \u0627\u0644\u0628\u064a\u0627\u0646\u0627\u062a \u0627\u0644\u0634\u062e\u0635\u064a\u0629 \u0641\u0642\u0637 \u0644\u0623\u062f\u0627\u0621 \u062e\u062f\u0645\u0627\u062a\u0647\u0645\u060c \u0648\u064a\u062e\u0636\u0639\u0648\u0646 \u0644\u0627\u0644\u062a\u0632\u0627\u0645 \u0627\u0644\u0633\u0631\u064a\u0629.<\/li>\n<li><strong>\u0627\u0644\u0627\u0644\u062a\u0632\u0627\u0645\u0627\u062a \u0627\u0644\u0642\u0627\u0646\u0648\u0646\u064a\u0629 <\/strong>: \u0642\u062f \u0646\u0643\u0634\u0641 \u0639\u0646 \u0645\u0639\u0644\u0648\u0645\u0627\u062a\u0643 \u0644\u0644\u0648\u0641\u0627\u0621 \u0628\u0627\u0644\u062a\u0632\u0627\u0645 \u0642\u0627\u0646\u0648\u0646\u064a.<\/li>\n<\/ul>\n<h3><strong>5. \u0627\u0644\u0627\u062d\u062a\u0641\u0627\u0638 \u0628\u0627\u0644\u0628\u064a\u0627\u0646\u0627\u062a<\/strong><\/h3>\n<p>\u064a\u062a\u0645 \u0627\u0644\u0627\u062d\u062a\u0641\u0627\u0638 \u0628\u0627\u0644\u0628\u064a\u0627\u0646\u0627\u062a \u0627\u0644\u0634\u062e\u0635\u064a\u0629 \u0637\u0627\u0644\u0645\u0627 \u0643\u0627\u0646 \u0630\u0644\u0643 \u0636\u0631\u0648\u0631\u064a\u064b\u0627 \u0644\u062a\u0642\u062f\u064a\u0645 \u0627\u0644\u062e\u062f\u0645\u0627\u062a \u0623\u0648 \u0648\u0641\u0642\u064b\u0627 \u0644\u0644\u0645\u062a\u0637\u0644\u0628\u0627\u062a \u0627\u0644\u0642\u0627\u0646\u0648\u0646\u064a\u0629. \u062a\u0634\u0645\u0644 \u0627\u0644\u0645\u0639\u0627\u064a\u064a\u0631 \u0627\u0644\u0645\u0633\u062a\u062e\u062f\u0645\u0629 \u0644\u062a\u062d\u062f\u064a\u062f \u0645\u062f\u0629 \u0627\u0644\u0635\u0644\u0627\u062d\u064a\u0629 \u0645\u0627 \u064a\u0644\u064a:<\/p>\n<ul>\n<li>\u0645\u062f\u0629 \u0627\u0644\u0639\u0644\u0627\u0642\u0629 \u0645\u0639 \u0627\u0644\u0639\u0645\u064a\u0644.<\/li>\n<li>\u0627\u0644\u062a\u0632\u0627\u0645\u0627\u062a \u0627\u0644\u0627\u062d\u062a\u0641\u0627\u0638 \u0628\u0627\u0644\u0628\u064a\u0627\u0646\u0627\u062a \u0627\u0644\u0642\u0627\u0646\u0648\u0646\u064a\u0629.<\/li>\n<li>\u0627\u0644\u062d\u0627\u062c\u0629 \u0627\u0644\u0645\u0634\u0631\u0648\u0639\u0629 \u0644\u0644\u0627\u062d\u062a\u0641\u0627\u0638 \u0628\u0645\u0639\u0644\u0648\u0645\u0627\u062a \u0645\u0639\u064a\u0646\u0629 \u0644\u0623\u063a\u0631\u0627\u0636 \u0642\u0627\u0646\u0648\u0646\u064a\u0629 \u0623\u0648 \u0645\u062d\u0627\u0633\u0628\u064a\u0629.<\/li>\n<\/ul>\n<p>\u0646\u062d\u0646 \u0646\u0646\u0641\u0630 \u062a\u062f\u0627\u0628\u064a\u0631 \u0623\u0645\u0646\u064a\u0629 \u0641\u0646\u064a\u0629 \u0648\u062a\u0646\u0638\u064a\u0645\u064a\u0629 \u0645\u0646\u0627\u0633\u0628\u0629 \u0644\u062d\u0645\u0627\u064a\u0629 \u0627\u0644\u0628\u064a\u0627\u0646\u0627\u062a \u0627\u0644\u0634\u062e\u0635\u064a\u0629 \u0645\u0646 \u0627\u0644\u0648\u0635\u0648\u0644 \u063a\u064a\u0631 \u0627\u0644\u0645\u0635\u0631\u062d \u0628\u0647 \u0623\u0648 \u0627\u0644\u062a\u063a\u064a\u064a\u0631 \u0623\u0648 \u0627\u0644\u0643\u0634\u0641 \u0623\u0648 \u0627\u0644\u062a\u062f\u0645\u064a\u0631. \u0648\u062a\u0634\u0645\u0644 \u0647\u0630\u0647 \u0627\u0644\u062a\u062f\u0627\u0628\u064a\u0631<span style=\"color: #333333;\">\u064a\u0642\u0648\u0645 \u0628\u062a\u0623\u0645\u064a\u0646 \u0628\u0631\u0648\u062a\u0648\u0643\u0648\u0644\u0627\u062a \u0627\u0644\u0648\u0635\u0648\u0644 \u0644\u0645\u0648\u0642\u0639\u0646\u0627 \u0648\u0623\u0646\u0638\u0645\u0629 \u062a\u0643\u0646\u0648\u0644\u0648\u062c\u064a\u0627 \u0627\u0644\u0645\u0639\u0644\u0648\u0645\u0627\u062a \u0644\u062f\u064a\u0646\u0627.<\/span><\/p>\n<h3><strong>6. Droits des utilisateurs<\/strong><\/h3>\n<p>\u0648\u0641\u0642\u064b\u0627 \u0644\u0644\u0648\u0627\u0626\u062d \u0627\u0644\u062d\u0627\u0644\u064a\u0629\u060c \u0644\u062f\u064a\u0643 \u0627\u0644\u062d\u0642\u0648\u0642 \u0627\u0644\u062a\u0627\u0644\u064a\u0629 \u0641\u064a\u0645\u0627 \u064a\u062a\u0639\u0644\u0642 \u0628\u0628\u064a\u0627\u0646\u0627\u062a\u0643 \u0627\u0644\u0634\u062e\u0635\u064a\u0629:<\/p>\n<ul>\n<li><strong>\u062d\u0642 \u0627\u0644\u0648\u0635\u0648\u0644<\/strong>: \u064a\u0645\u0643\u0646\u0643 \u0637\u0644\u0628 \u0627\u0644\u0627\u0637\u0644\u0627\u0639 \u0639\u0644\u0649 \u0627\u0644\u0628\u064a\u0627\u0646\u0627\u062a \u0627\u0644\u0634\u062e\u0635\u064a\u0629 \u0627\u0644\u062a\u064a \u0646\u062d\u062a\u0641\u0638 \u0628\u0647\u0627 \u0639\u0646\u0643.<\/li>\n<li><strong>\u062d\u0642 \u0627\u0644\u062a\u0635\u062d\u064a\u062d<\/strong>: \u064a\u0645\u0643\u0646\u0643 \u0637\u0644\u0628 \u062a\u0635\u062d\u064a\u062d \u0627\u0644\u0628\u064a\u0627\u0646\u0627\u062a \u063a\u064a\u0631 \u0627\u0644\u062f\u0642\u064a\u0642\u0629 \u0623\u0648 \u063a\u064a\u0631 \u0627\u0644\u0643\u0627\u0645\u0644\u0629.<\/li>\n<li><strong>\u0627\u0644\u062d\u0642 \u0641\u064a \u0627\u0644\u0645\u062d\u0648<\/strong>: \u064a\u0645\u0643\u0646\u0643 \u0637\u0644\u0628 \u062d\u0630\u0641 \u0628\u064a\u0627\u0646\u0627\u062a\u0643 \u0627\u0644\u0634\u062e\u0635\u064a\u0629 \u0641\u064a \u0638\u0631\u0648\u0641 \u0645\u0639\u064a\u0646\u0629.<\/li>\n<li><strong>Droit de se d\u00e9sinscrire des email ou des newsletters<\/strong> : Vous pouvez vous d\u00e9sinscrire ou vous d\u00e9sabonner des emails ou des newsletters.<\/li>\n<\/ul>\n<p>\u0644\u0645\u0645\u0627\u0631\u0633\u0629 \u0647\u0630\u0647 \u0627\u0644\u062d\u0642\u0648\u0642\u060c \u064a\u0631\u062c\u0649 \u0627\u0644\u0627\u062a\u0635\u0627\u0644 \u0628\u0646\u0627 \u0639\u0644\u0649 \u0627\u0644\u0639\u0646\u0648\u0627\u0646 \u0627\u0644\u062a\u0627\u0644\u064a: <strong><a href=\"mailto:contact@alyamamafordevelopment.com\">contact@alyamamafordevelopment.com<\/a><\/strong> \u0623\u0648 \u0639\u0628\u0631 \u0646\u0645\u0648\u0630\u062c \u0627\u0644\u0627\u062a\u0635\u0627\u0644 \u0627\u0644\u062e\u0627\u0635 \u0628\u0646\u0627 \u0639\u0644\u0649 \u0627\u0644\u0645\u0648\u0642\u0639 <a href=\"https:\/\/alyamamafordevelopment.com\/ar\/nous-consulter\/\">https:\/\/alyamamafordevelopment.com<\/a>. Nous nous engageons \u00e0 r\u00e9pondre \u00e0 vos demandes dans les meilleurs d\u00e9lais. Pour se se d\u00e9sinscrire des email ou des newsletters, cliquer sur le lien se <strong><a href=\"https:\/\/alyamamafordevelopment.com\/ar\/desinscription\/\">d\u00e9sabonner ou se d\u00e9sinscrire.<\/a><\/strong><\/p>\n<h3><strong>7. Cookies<\/strong><\/h3>\n<p>Notre site utilise des cookies pour am\u00e9liorer l\u2019exp\u00e9rience utilisateur et r\u00e9aliser des analyses de performance. Les cookies sont des fichiers stock\u00e9s sur votre appareil lors de la navigation sur notre site. Vous pouvez g\u00e9rer vos pr\u00e9f\u00e9rences en mati\u00e8re de cookies directement en acc\u00e9dant \u00e0 notre site web et en appuyant sur l&rsquo;icone de consentement qui s&rsquo;affiche en bas \u00e0 gauche sur la page d&rsquo;accueil.<\/p>\n<h3><strong>8. Modifications de la politique de confidentialit\u00e9<\/strong><\/h3>\n<p>\u064a\u062d\u062a\u0641\u0638 \u0645\u0631\u0643\u0632 \u0627\u0644\u064a\u0645\u0627\u0645\u0629 \u0644\u0644\u062a\u0646\u0645\u064a\u0629 \u0628\u0627\u0644\u062d\u0642 \u0641\u064a \u062a\u0639\u062f\u064a\u0644 \u0633\u064a\u0627\u0633\u0629 \u0627\u0644\u062e\u0635\u0648\u0635\u064a\u0629 \u0647\u0630\u0647 \u0641\u064a \u0623\u064a \u0648\u0642\u062a. \u0633\u064a\u062a\u0645 \u0646\u0634\u0631 \u0623\u064a \u062a\u063a\u064a\u064a\u0631\u0627\u062a \u0639\u0644\u0649 \u0647\u0630\u0647 \u0627\u0644\u0635\u0641\u062d\u0629 \u0628\u062a\u0627\u0631\u064a\u062e \u0645\u062d\u062f\u062b. \u0646\u062d\u0646 \u0646\u0634\u062c\u0639\u0643 \u0639\u0644\u0649 \u0645\u0631\u0627\u062c\u0639\u0629 \u0647\u0630\u0647 \u0627\u0644\u0633\u064a\u0627\u0633\u0629 \u0628\u0627\u0646\u062a\u0638\u0627\u0645.<\/p>\n<h3><strong>9. Contact<\/strong><\/h3>\n<p>\u0644\u0623\u064a\u0629 \u0623\u0633\u0626\u0644\u0629 \u0623\u0648 \u0637\u0644\u0628\u0627\u062a \u0628\u062e\u0635\u0648\u0635 \u0633\u064a\u0627\u0633\u0629 \u0627\u0644\u062e\u0635\u0648\u0635\u064a\u0629 \u0647\u0630\u0647\u060c \u064a\u0645\u0643\u0646\u0643 \u0627\u0644\u0627\u062a\u0635\u0627\u0644 \u0628\u0646\u0627 \u0639\u0644\u0649:<\/p>\n<p><strong>\u0627\u0644\u064a\u0645\u0627\u0645\u0629 \u0644\u0644\u062a\u0646\u0645\u064a\u0629 <\/strong><\/p>\n<p><strong>\u0627\u0644\u0639\u0646\u0648\u0627\u0646: \u0634\u0627\u0631\u0639 \u0623\u062d\u0645\u062f \u0634\u0648\u0642\u064a\u060c \u0634 \u062c\u060c \u0645\u0643\u062a\u0628 \u0631\u0642\u0645 3\u060c \u0627\u0644\u0642\u0646\u064a\u0637\u0631\u0629\u060c \u0627\u0644\u0645\u063a\u0631\u0628\u00a0<\/strong><\/p>\n<p><strong>\u0627\u0644\u0627\u062a\u0635\u0627\u0644: +212 6 54 12 30 23<\/strong><\/p>\n<p><strong>\u0628\u0631\u064a\u062f \u0625\u0644\u0643\u062a\u0631\u0648\u0646\u064a:\u00a0<a href=\"mailto:contact@alyamamafordevelopment.com\">contact@alyamamafordevelopment.com<\/a><\/strong><\/p>","protected":false},"excerpt":{"rendered":"<p>1. Introduction Les services Alyamama for Development, sont r\u00e9gis par des r\u00e8gles de confidentialit\u00e9 pour prot\u00e9ger la vie priv\u00e9e et les donn\u00e9es personnelles de ses clients et visiteurs. en ce qui suit, nous d\u00e9crivons comment nous collectons, utilisons, partageons et prot\u00e9geons les informations personnelles dans le cadre de nos prestations de coaching, formation, mentoring et [&#8230;]\n","protected":false},"author":1,"featured_media":0,"parent":0,"menu_order":0,"comment_status":"closed","ping_status":"closed","template":"","meta":{"footnotes":""},"class_list":["post-524","page","type-page","status-publish","hentry"],"_links":{"self":[{"href":"https:\/\/alyamamafordevelopment.com\/ar\/wp-json\/wp\/v2\/pages\/524"}],"collection":[{"href":"https:\/\/alyamamafordevelopment.com\/ar\/wp-json\/wp\/v2\/pages"}],"about":[{"href":"https:\/\/alyamamafordevelopment.com\/ar\/wp-json\/wp\/v2\/types\/page"}],"author":[{"embeddable":true,"href":"https:\/\/alyamamafordevelopment.com\/ar\/wp-json\/wp\/v2\/users\/1"}],"replies":[{"embeddable":true,"href":"https:\/\/alyamamafordevelopment.com\/ar\/wp-json\/wp\/v2\/comments?post=524"}],"version-history":[{"count":9,"href":"https:\/\/alyamamafordevelopment.com\/ar\/wp-json\/wp\/v2\/pages\/524\/revisions"}],"predecessor-version":[{"id":1805,"href":"https:\/\/alyamamafordevelopment.com\/ar\/wp-json\/wp\/v2\/pages\/524\/revisions\/1805"}],"wp:attachment":[{"href":"https:\/\/alyamamafordevelopment.com\/ar\/wp-json\/wp\/v2\/media?parent=524"}],"curies":[{"name":"wp","href":"https:\/\/api.w.org\/{rel}","templated":true}]}}