{"id":67,"date":"2016-08-04T11:15:19","date_gmt":"2016-08-04T11:15:19","guid":{"rendered":"http:\/\/flatsome.dev\/?page_id=8412"},"modified":"2025-05-26T12:59:37","modified_gmt":"2025-05-26T11:59:37","slug":"a-propos-de-nous","status":"publish","type":"page","link":"https:\/\/alyamamafordevelopment.com\/ar\/pages\/a-propos-de-nous\/","title":{"rendered":"\u0628\u062e\u0635\u0648\u0635\u0646\u0627"},"content":{"rendered":"<div class=\"is-divider divider clearfix\" style=\"max-width:0px;\"><\/div>\n<div class=\"row\"  id=\"row-1677497826\">\n\n\t<div id=\"col-813699988\" class=\"col medium-4 small-12 large-4\"  >\n\t\t\t\t<div class=\"col-inner\"  >\n\t\t\t\n\t\t\t\n\t<div class=\"img has-hover x md-x lg-x y md-y lg-y\" id=\"image_1921392229\">\n\t\t\t\t\t\t\t\t<div class=\"img-inner dark\" >\n\t\t\t<img loading=\"lazy\" decoding=\"async\" width=\"1020\" height=\"679\" src=\"https:\/\/alyamamafordevelopment.com\/wp-content\/uploads\/2024\/12\/pexels-vision-claire-2-1202x800.jpg\" class=\"attachment-large size-large\" alt=\"vision et mission\" srcset=\"https:\/\/alyamamafordevelopment.com\/wp-content\/uploads\/2024\/12\/pexels-vision-claire-2-1202x800.jpg 1202w, https:\/\/alyamamafordevelopment.com\/wp-content\/uploads\/2024\/12\/pexels-vision-claire-2-601x400.jpg 601w, https:\/\/alyamamafordevelopment.com\/wp-content\/uploads\/2024\/12\/pexels-vision-claire-2-768x511.jpg 768w, https:\/\/alyamamafordevelopment.com\/wp-content\/uploads\/2024\/12\/pexels-vision-claire-2-1536x1022.jpg 1536w, https:\/\/alyamamafordevelopment.com\/wp-content\/uploads\/2024\/12\/pexels-vision-claire-2-2048x1363.jpg 2048w, https:\/\/alyamamafordevelopment.com\/wp-content\/uploads\/2024\/12\/pexels-vision-claire-2-18x12.jpg 18w\" sizes=\"(max-width: 1020px) 100vw, 1020px\" \/>\t\t\t\t\t\t\n\t\t\t\t\t<\/div>\n\t\t\t\t\t\t\t\t\n<style>\n#image_1921392229 {\n  width: 100%;\n}\n<\/style>\n\t<\/div>\n\t\n\t\t<\/div>\n\t\t\t\t\t<\/div>\n\n\t\n\n\t<div id=\"col-560625043\" class=\"col medium-8 small-12 large-8\"  >\n\t\t\t\t<div class=\"col-inner\"  >\n\t\t\t\n\t\t\t\n<h2 class=\"uppercase\"><span style=\"color: #333399;\">\u0631\u0624\u064a\u062a\u0646\u0627 \u0648\u0631\u0645\u0647\u0645\u062a\u0646\u0627<\/span><\/h2>\n<p class=\"thin-font\">\u062a\u062a\u0645\u062b\u0644 \u0631\u0624\u064a\u0629 \u0627\u0644\u064a\u0645\u0627\u0645\u0629 \u0644\u062e\u062f\u0645\u0627\u062a \u0627\u0644\u062a\u0646\u0645\u064a\u0629 \u0641\u064a \u062f\u0639\u0645 \u0627\u0644\u0623\u0641\u0631\u0627\u062f \u0648\u0627\u0644\u0645\u0646\u0638\u0645\u0627\u062a \u0644\u0644\u0648\u0635\u0648\u0644 \u0625\u0644\u0649 \u0625\u0645\u0643\u0627\u0646\u0627\u062a\u0647\u0645 \u0627\u0644\u0643\u0627\u0645\u0644\u0629 \u0645\u0646 \u062e\u0644\u0627\u0644 \u062a\u0646\u0645\u064a\u0629 \u062a\u0646\u0645\u064a\u062a\u0647\u0645 \u0648\u0631\u0641\u0627\u0647\u064a\u062a\u0647\u0645 ...<\/p>\n<a href=\"https:\/\/alyamamafordevelopment.com\/ar\/mission-et-vision\/\" target=\"_self\" class=\"button primary is-shade box-shadow-3 box-shadow-5-hover lowercase\"  style=\"border-radius:5px;\">\n    <span>\u064a\u062a\u0639\u0644\u0645 \u0623\u0643\u062b\u0631<\/span>\n  <\/a>\n\n\t\t<\/div>\n\t\t\t\t\t<\/div>\n\n\t\n<\/div>\n<div class=\"row\"  id=\"row-1385289893\">\n\n\t<div id=\"col-1848777035\" class=\"col medium-4 small-12 large-4\"  >\n\t\t\t\t<div class=\"col-inner\"  >\n\t\t\t\n\t\t\t\n\t<div class=\"img has-hover x md-x lg-x y md-y lg-y\" id=\"image_1832325121\">\n\t\t\t\t\t\t\t\t<div class=\"img-inner dark\" >\n\t\t\t<img loading=\"lazy\" decoding=\"async\" width=\"640\" height=\"360\" src=\"https:\/\/alyamamafordevelopment.com\/wp-content\/uploads\/2024\/12\/640-increase-value-service-growth-value-company-value-added-business-leverage-valuable-erp-systems-growth-concept-digital-marketing-leadership-success-target-uuid-faas.jpg\" class=\"attachment-large size-large\" alt=\"\" srcset=\"https:\/\/alyamamafordevelopment.com\/wp-content\/uploads\/2024\/12\/640-increase-value-service-growth-value-company-value-added-business-leverage-valuable-erp-systems-growth-concept-digital-marketing-leadership-success-target-uuid-faas.jpg 640w, https:\/\/alyamamafordevelopment.com\/wp-content\/uploads\/2024\/12\/640-increase-value-service-growth-value-company-value-added-business-leverage-valuable-erp-systems-growth-concept-digital-marketing-leadership-success-target-uuid-faas-18x10.jpg 18w\" sizes=\"(max-width: 640px) 100vw, 640px\" \/>\t\t\t\t\t\t\n\t\t\t\t\t<\/div>\n\t\t\t\t\t\t\t\t\n<style>\n#image_1832325121 {\n  width: 100%;\n}\n<\/style>\n\t<\/div>\n\t\n\t\t<\/div>\n\t\t\t\t\t<\/div>\n\n\t\n\n\t<div id=\"col-1855212254\" class=\"col medium-8 small-12 large-8\"  >\n\t\t\t\t<div class=\"col-inner\"  >\n\t\t\t\n\t\t\t\n<h2 class=\"uppercase\"><span style=\"color: #333399;\">\u0642\u064a\u0645\u0646\u0627<\/span><\/h2>\n<p>\u0641\u064a \u0645\u0631\u0643\u0632 \u0627\u0644\u064a\u0645\u0627\u0645\u0629 \u0644\u0644\u062a\u0646\u0645\u064a\u0629\u060c \u0646\u0624\u0645\u0646 \u0628\u0623\u0646 \u0627\u0644\u062f\u0639\u0645 \u0647\u0648 \u0639\u0645\u0644\u064a\u0629 \u062a\u0634\u0645\u0644 \u062d\u0642\u064b\u0627 \u062c\u0645\u064a\u0639 \u0627\u0644\u0642\u064a\u0645 \u0627\u0644\u062a\u064a \u062a\u0645 \u0627\u0644\u0643\u0634\u0641 \u0639\u0646\u0647\u0627 \u0628\u062f\u0642\u0629 \u0641\u064a \u062a\u0635\u0645\u064a\u0645 \u0645\u064a\u062b\u0627\u0642\u0646\u0627 \u0627\u0644\u0631\u0633\u0648\u0645\u064a...<\/p>\n<a href=\"https:\/\/alyamamafordevelopment.com\/ar\/nos-valeurs\/\" target=\"_self\" class=\"button primary is-shade box-shadow-3 box-shadow-5-hover lowercase\"  style=\"border-radius:5px;\">\n    <span>\u064a\u062a\u0639\u0644\u0645 \u0623\u0643\u062b\u0631<\/span>\n  <\/a>\n\n\t\t<\/div>\n\t\t\t\t\t<\/div>\n\n\t\n<\/div>\n<div class=\"row\"  id=\"row-1925473162\">\n\n\t<div id=\"col-2025835373\" class=\"col medium-4 small-12 large-4\"  >\n\t\t\t\t<div class=\"col-inner\"  >\n\t\t\t\n\t\t\t\n\t<div class=\"img has-hover x md-x lg-x y md-y lg-y\" id=\"image_977801779\">\n\t\t\t\t\t\t\t\t<div class=\"img-inner dark\" >\n\t\t\t<img loading=\"lazy\" decoding=\"async\" width=\"640\" height=\"427\" src=\"https:\/\/alyamamafordevelopment.com\/wp-content\/uploads\/2024\/12\/640-man-makes-a-move-chess-pawn.jpg\" class=\"attachment-large size-large\" alt=\"notre strat\u00e9gie\" srcset=\"https:\/\/alyamamafordevelopment.com\/wp-content\/uploads\/2024\/12\/640-man-makes-a-move-chess-pawn.jpg 640w, https:\/\/alyamamafordevelopment.com\/wp-content\/uploads\/2024\/12\/640-man-makes-a-move-chess-pawn-600x400.jpg 600w, https:\/\/alyamamafordevelopment.com\/wp-content\/uploads\/2024\/12\/640-man-makes-a-move-chess-pawn-18x12.jpg 18w\" sizes=\"(max-width: 640px) 100vw, 640px\" \/>\t\t\t\t\t\t\n\t\t\t\t\t<\/div>\n\t\t\t\t\t\t\t\t\n<style>\n#image_977801779 {\n  width: 100%;\n}\n<\/style>\n\t<\/div>\n\t\n\t\t<\/div>\n\t\t\t\t\t<\/div>\n\n\t\n\n\t<div id=\"col-1169959876\" class=\"col medium-8 small-12 large-8\"  >\n\t\t\t\t<div class=\"col-inner\"  >\n\t\t\t\n\t\t\t\n<h2 class=\"uppercase\"><span style=\"color: #333399;\">\u0645\u0646\u0647\u062c\u0646\u0627 \u0641\u064a \u0627\u0644\u0645\u0631\u0627\u0641\u0642\u0629 \u0627\u0644\u0630\u0627\u062a\u064a\u0629<\/span>\u00a0<\/h2>\n<p>\u062a\u0639\u062a\u0645\u062f \u062e\u062f\u0645\u0627\u062a \u0627\u0644\u062a\u062f\u0631\u064a\u0628 \u0641\u064a \u0627\u0644\u064a\u0645\u0627\u0645\u0629 \u0644\u0644\u062a\u0646\u0645\u064a\u0629 \u0639\u0644\u0649 \u0627\u0644\u062d\u0636\u0648\u0631 \u0648\u0627\u0644\u0627\u0633\u062a\u0645\u0627\u0639 \u0648\u0627\u0644\u062a\u0633\u0627\u0624\u0644 \u0644\u062a\u0634\u062c\u064a\u0639 \u0627\u0644\u0627\u0633\u062a\u0628\u0637\u0627\u0646 \u0644\u062f\u0649 \u0627\u0644\u0641\u0631\u062f \u0648\u062a\u0639\u0632\u064a\u0632 \u0627\u0644\u0648\u0639\u064a \u0627\u0644\u0642\u0627\u062f\u0631 \u0639\u0644\u0649 \u0625\u0637\u0644\u0627\u0642 \u0637\u0627\u0642\u0627\u062a\u0647 \u0648\u062a\u0639\u0632\u064a\u0632 \u062a\u062d\u0648\u0644\u0647 \u0648\u0631\u0641\u0627\u0647\u064a\u062a\u0647 ...<\/p>\n<a href=\"https:\/\/alyamamafordevelopment.com\/ar\/notre-approche-de-coaching\/\" target=\"_self\" class=\"button primary is-shade box-shadow-3 box-shadow-5-hover lowercase\"  style=\"border-radius:5px;\">\n    <span>\u064a\u062a\u0639\u0644\u0645 \u0623\u0643\u062b\u0631<\/span>\n  <\/a>\n\n\t\t<\/div>\n\t\t\t\t\t<\/div>\n\n\t\n<\/div>\n<div class=\"row row-collapse row-full-width\"  id=\"row-1969976262\">\n\n\t<div id=\"col-1811482961\" class=\"col medium-4 large-4\"  >\n\t\t\t\t<div class=\"col-inner\"  >\n\t\t\t\n\t\t\t\n\t<div class=\"img has-hover x md-x lg-x y md-y lg-y\" id=\"image_2074884688\">\n\t\t\t\t\t\t\t\t<div class=\"img-inner image-cover dark\" style=\"padding-top:70%;margin:0px 0px 20px 20px;\">\n\t\t\t<img loading=\"lazy\" decoding=\"async\" width=\"400\" height=\"400\" src=\"https:\/\/alyamamafordevelopment.com\/wp-content\/uploads\/2025\/05\/LOGO-YAMAMA-04-1-400x400.png\" class=\"attachment-medium size-medium\" alt=\"charte graphique alyamama for development\" srcset=\"https:\/\/alyamamafordevelopment.com\/wp-content\/uploads\/2025\/05\/LOGO-YAMAMA-04-1-400x400.png 400w, https:\/\/alyamamafordevelopment.com\/wp-content\/uploads\/2025\/05\/LOGO-YAMAMA-04-1-800x800.png 800w, https:\/\/alyamamafordevelopment.com\/wp-content\/uploads\/2025\/05\/LOGO-YAMAMA-04-1-280x280.png 280w, https:\/\/alyamamafordevelopment.com\/wp-content\/uploads\/2025\/05\/LOGO-YAMAMA-04-1-768x768.png 768w, https:\/\/alyamamafordevelopment.com\/wp-content\/uploads\/2025\/05\/LOGO-YAMAMA-04-1-1536x1536.png 1536w, https:\/\/alyamamafordevelopment.com\/wp-content\/uploads\/2025\/05\/LOGO-YAMAMA-04-1-12x12.png 12w, https:\/\/alyamamafordevelopment.com\/wp-content\/uploads\/2025\/05\/LOGO-YAMAMA-04-1-1320x1319.png 1320w, https:\/\/alyamamafordevelopment.com\/wp-content\/uploads\/2025\/05\/LOGO-YAMAMA-04-1.png 1613w\" sizes=\"(max-width: 400px) 100vw, 400px\" \/>\t\t\t\t\t\t\n\t\t\t\t\t<\/div>\n\t\t\t\t\t\t\t\t\n<style>\n#image_2074884688 {\n  width: 77%;\n}\n<\/style>\n\t<\/div>\n\t\n\t\t<\/div>\n\t\t\t\t\t<\/div>\n\n\t\n\n\t<div id=\"col-185685728\" class=\"col medium-8 large-8\"  >\n\t\t\t\t<div class=\"col-inner\"  >\n\t\t\t\n\t\t\t\n<h2 style=\"text-align: left;\"><span style=\"color: #333399;\">NOTRE CHARTE GRAPHIQUE<\/span><\/h2>\n<p style=\"text-align: left;\">\u00a0a \u00e9t\u00e9 con\u00e7ue minutieusement avec une grande attention afin qu&rsquo;elle refl\u00e8te la mission que nous aspirons accomplir ainsi que les valeurs et principes que nous incarnons dans le m\u00e9tier de l&rsquo;accompagnement :<\/p>\n<a href=\"https:\/\/alyamamafordevelopment.com\/ar\/notre-charte-graphique\/\" target=\"_self\" class=\"button primary is-shade box-shadow-3 box-shadow-5-hover lowercase\"  style=\"border-radius:5px;\">\n    <span>\u064a\u062a\u0639\u0644\u0645 \u0623\u0643\u062b\u0631<\/span>\n  <\/a>\n\n\t\t<\/div>\n\t\t\t\t\t<\/div>\n\n\t\n<\/div>","protected":false},"excerpt":{"rendered":"","protected":false},"author":1,"featured_media":50,"parent":85,"menu_order":0,"comment_status":"closed","ping_status":"closed","template":"page-blank.php","meta":{"footnotes":""},"class_list":["post-67","page","type-page","status-publish","has-post-thumbnail","hentry"],"_links":{"self":[{"href":"https:\/\/alyamamafordevelopment.com\/ar\/wp-json\/wp\/v2\/pages\/67"}],"collection":[{"href":"https:\/\/alyamamafordevelopment.com\/ar\/wp-json\/wp\/v2\/pages"}],"about":[{"href":"https:\/\/alyamamafordevelopment.com\/ar\/wp-json\/wp\/v2\/types\/page"}],"author":[{"embeddable":true,"href":"https:\/\/alyamamafordevelopment.com\/ar\/wp-json\/wp\/v2\/users\/1"}],"replies":[{"embeddable":true,"href":"https:\/\/alyamamafordevelopment.com\/ar\/wp-json\/wp\/v2\/comments?post=67"}],"version-history":[{"count":39,"href":"https:\/\/alyamamafordevelopment.com\/ar\/wp-json\/wp\/v2\/pages\/67\/revisions"}],"predecessor-version":[{"id":2208,"href":"https:\/\/alyamamafordevelopment.com\/ar\/wp-json\/wp\/v2\/pages\/67\/revisions\/2208"}],"up":[{"embeddable":true,"href":"https:\/\/alyamamafordevelopment.com\/ar\/wp-json\/wp\/v2\/pages\/85"}],"wp:featuredmedia":[{"embeddable":true,"href":"https:\/\/alyamamafordevelopment.com\/ar\/wp-json\/wp\/v2\/media\/50"}],"wp:attachment":[{"href":"https:\/\/alyamamafordevelopment.com\/ar\/wp-json\/wp\/v2\/media?parent=67"}],"curies":[{"name":"wp","href":"https:\/\/api.w.org\/{rel}","templated":true}]}}