{"id":912,"date":"2024-10-06T21:06:11","date_gmt":"2024-10-06T21:06:11","guid":{"rendered":"https:\/\/alyamamafordevelopment.com\/?page_id=912"},"modified":"2024-12-30T14:32:18","modified_gmt":"2024-12-30T14:32:18","slug":"coaching-de-carriere","status":"publish","type":"page","link":"https:\/\/alyamamafordevelopment.com\/ar\/coaching-de-carriere\/","title":{"rendered":"\u0627\u0644\u0645\u0631\u0627\u0641\u0642\u0629 \u0627\u0644\u0630\u0627\u062a\u064a\u0629 \u0641\u064a \u0627\u0644\u0645\u062c\u0627\u0644 \u0627\u0644\u0645\u0647\u0646\u064a"},"content":{"rendered":"<section class=\"section\" id=\"section_1737292987\">\n\t\t<div class=\"bg section-bg fill bg-fill  bg-loaded\" >\n\n\t\t\t\n\t\t\t\n\t\t\t\n\n\t\t<\/div>\n\n\t\t<div class=\"section-content relative\">\n\t\t\t\n\t<div id=\"gap-1832359924\" class=\"gap-element clearfix\" style=\"display:block; height:auto;\">\n\t\t\n<style>\n#gap-1832359924 {\n  padding-top: 30px;\n}\n<\/style>\n\t<\/div>\n\t\n<div class=\"row\"  id=\"row-123835255\">\n\n\t<div id=\"col-550954277\" class=\"col medium-12 small-12 large-8\"  >\n\t\t\t\t<div class=\"col-inner\"  >\n\t\t\t\n\t\t\t\n\n  <div class=\"banner has-hover\" id=\"banner-886771341\">\n          <div class=\"banner-inner fill\">\n        <div class=\"banner-bg fill\" >\n            <div class=\"bg fill bg-fill\"><\/div>\n                                    \n                    <\/div>\n        <div class=\"banner-layers container\">\n            <div class=\"fill banner-link\"><\/div>            \n        <\/div>\n      <\/div>\n\n            \n<style>\n#banner-886771341 {\n  padding-top: 300px;\n  background-color: rgba(255, 255, 255, 0);\n}\n#banner-886771341 .bg.bg-loaded {\n  background-image: url(https:\/\/alyamamafordevelopment.com\/wp-content\/uploads\/2024\/11\/pourqoi-coaching-carriere.jpg);\n}\n@media (min-width:550px) {\n  #banner-886771341 {\n    padding-top: 450px;\n  }\n}\n<\/style>\n  <\/div>\n\n\n\t\t<\/div>\n\t\t\t\t\t<\/div>\n\n\t\n<\/div>\n<div class=\"row align-right\"  id=\"row-1250647321\">\n\n\t<div id=\"col-1451570782\" class=\"col medium-12 small-12 large-7\"  >\n\t\t\t\t<div class=\"col-inner\" style=\"background-color:rgb(255, 255, 255);\" >\n\t\t\t\n\t\t\t\n<h3 class=\"uppercase\" style=\"text-align: center; font-size: 1.1rem; font-weight: bold;\">\u0644\u0645\u0627\u0630\u0627\u0627\u0644\u0645\u0631\u0627\u0641\u0642\u0629 \u0627\u0644\u0630\u0627\u062a\u064a\u0629 \u0641\u064a \u0627\u0644\u0645\u062c\u0627\u0644 \u0627\u0644\u0645\u0647\u0646\u064a\u061f<\/h3>\n<p style=\"font-size: 1.1rem; line-height: 1.5; text-align: justify;\">\u062a\u0645\u062b\u0644  \u0627\u0644\u0645\u0631\u0627\u0641\u0642\u0629 \u0627\u0644\u0630\u0627\u062a\u064a\u0629 \u0641\u064a \u0627\u0644\u0645\u062c\u0627\u0644 \u0627\u0644\u0645\u0647\u0646\u064a \u0627\u0644\u0639\u062f\u064a\u062f \u0645\u0646 \u0627\u0644\u0641\u0648\u0627\u0626\u062f\u060c \u0628\u0645\u0627 \u0641\u064a \u0630\u0644\u0643 \u0645\u0633\u0627\u0639\u062f\u062a\u0643 \u0639\u0644\u0649 \u062a\u062d\u062f\u064a\u062f \u0623\u0647\u062f\u0627\u0641\u0643 \u0627\u0644\u0645\u0647\u0646\u064a\u0629 \u0628\u0648\u0636\u0648\u062d\u060c \u0648\u0627\u0644\u062a\u063a\u0644\u0628 \u0639\u0644\u0649 \u0627\u0644\u062a\u062d\u062f\u064a\u0627\u062a\u060c \u0648\u062a\u0637\u0648\u064a\u0631 \u0627\u0644\u0627\u0633\u062a\u0631\u0627\u062a\u064a\u062c\u064a\u0627\u062a \u0627\u0644\u0645\u0647\u0646\u064a\u0629\u060c \u0648\u062a\u062d\u0633\u064a\u0646 \u0633\u064a\u0631\u062a\u0643 \u0627\u0644\u0630\u0627\u062a\u064a\u0629\u060c \u0648\u0627\u0644\u0627\u0633\u062a\u0639\u062f\u0627\u062f \u0644\u0644\u0645\u0642\u0627\u0628\u0644\u0627\u062a\u060c \u0648\u062a\u0637\u0648\u064a\u0631 \u0627\u0644\u0645\u0647\u0627\u0631\u0627\u062a \u0627\u0644\u0623\u0633\u0627\u0633\u064a\u0629 \u0644\u0644\u0646\u062c\u0627\u062d \u0641\u064a \u0645\u062c\u0627\u0644\u0643.\n<\/p>\n<p style=\"font-size: 1.1rem; line-height: 1.5; text-align: justify;\">Dans un monde VUCA (Volatile, Incertain, Complexe et Ambigu), le coaching de carri\u00e8re vous aide \u00e0 naviguer dans l&rsquo;incertitude et \u00e0 vous adapter aux changements rapides. Il renforce la r\u00e9silience, la confiance en soi et la prise de d\u00e9cision \u00e9clair\u00e9e, des qualit\u00e9s indispensables pour prosp\u00e9rer dans un environnement professionnel en constante \u00e9volution.\n<\/p>\n<p style=\"font-size: 1.1rem; line-height: 1.5; text-align: justify;\">\u0642\u0645 \u0628\u062a\u062d\u0648\u064a\u0644 \u062d\u064a\u0627\u062a\u0643 \u0627\u0644\u0645\u0647\u0646\u064a\u0629 \u0645\u0646 \u062e\u0644\u0627\u0644 \u062e\u062f\u0645\u0629  \u0627\u0644\u0645\u0631\u0627\u0641\u0642\u0629 \u0627\u0644\u0630\u0627\u062a\u064a\u0629 \u0641\u064a \u0627\u0644\u0645\u062c\u0627\u0644 \u0627\u0644\u0645\u0647\u0646\u064a \u0644\u062f\u064a\u0646\u0627\u060c \u0648\u0627\u062d\u0635\u0644 \u0639\u0644\u0649 \u0627\u0644\u0623\u062f\u0648\u0627\u062a \u0627\u0644\u062a\u064a \u062a\u062d\u062a\u0627\u062c\u0647\u0627 \u0644\u062a\u062d\u0642\u064a\u0642 \u0625\u0646\u062c\u0627\u0632\u0643 \u0627\u0644\u0645\u0647\u0646\u064a.\n<\/p>\n\t\t<\/div>\n\t\t\t\t\n<style>\n#col-1451570782 > .col-inner {\n  padding: 7% 8% 5% 8%;\n  margin: -50px 0 0px 0px;\n}\n@media (min-width:550px) {\n  #col-1451570782 > .col-inner {\n    padding: 6% 8% 5% 8%;\n  }\n}\n@media (min-width:850px) {\n  #col-1451570782 > .col-inner {\n    padding: 8% 8% 5% 8%;\n    margin: -290px 0px 0px 0px;\n  }\n}\n<\/style>\n\t<\/div>\n\n\t\n<\/div>\n\t\t<\/div>\n\n\t\t\n<style>\n#section_1737292987 {\n  padding-top: 30px;\n  padding-bottom: 30px;\n  background-color: rgb(72, 180, 183);\n}\n@media (min-width:550px) {\n  #section_1737292987 {\n    padding-top: 50px;\n    padding-bottom: 50px;\n  }\n}\n<\/style>\n\t<\/section>\n\t\n<div class=\"is-divider divider clearfix\" style=\"max-width:0px;\"><\/div>\n\t<section class=\"section\" id=\"section_655035700\">\n\t\t<div class=\"bg section-bg fill bg-fill  bg-loaded\" >\n\n\t\t\t\n\t\t\t\n\t\t\t\n\n\t\t<\/div>\n\n\t\t<div class=\"section-content relative\">\n\t\t\t\n<div class=\"row row-collapse row-full-width align-middle\"  id=\"row-1409574416\">\n\n\t<div id=\"col-174654370\" class=\"col medium-12 small-12 large-6\"  >\n\t\t\t\t<div class=\"col-inner\"  >\n\t\t\t\n\t\t\t\n<div class=\"row\"  id=\"row-1563597980\">\n\n\t<div id=\"col-830455106\" class=\"col medium-12 small-12 large-11\"  >\n\t\t\t\t<div class=\"col-inner text-center\"  >\n\t\t\t\n\t\t\t\n<div class=\"is-divider divider clearfix\" style=\"max-width:0px;\"><\/div>\n\t<div id=\"text-3606668556\" class=\"text\">\n\t\t\n<h3 class=\"uppercase\" style=\"text-align: center;\">\u0645\u0627 \u0646\u0648\u0641\u0631\u0647<\/h3>\n<p style=\"font-size: 1.1rem; line-height: 1.5; text-align: justify;\"><strong>\u062c\u0644\u0633\u0627\u062a \u0627\u0644\u062a\u062f\u0631\u064a\u0628 \u0627\u0644\u0641\u0631\u062f\u064a\u0629<\/strong> : \u062c\u0644\u0633\u0627\u062a \u062a\u0641\u0627\u0639\u0644\u064a\u0629 \u0648\u062c\u0630\u0627\u0628\u0629 \u064a\u0642\u062f\u0645\u0647\u0627 \u0645\u062f\u0631\u0628 \u0645\u062d\u062a\u0631\u0641 \u0645\u0639\u062a\u0645\u062f.\n<\/p>\n<p style=\"font-size: 1.1rem; line-height: 1.5; text-align: justify;\"><strong>\u0645\u0646\u0647\u062c \u0645\u062e\u0635\u0635<\/strong> : \u0644\u0645\u0633\u0627\u0639\u062f\u062a\u0643 \u0641\u064a \u062a\u0648\u0636\u064a\u062d \u0623\u0647\u062f\u0627\u0641\u0643 \u0648\u0627\u0644\u062a\u063a\u0644\u0628 \u0639\u0644\u0649 \u0627\u0644\u0639\u0642\u0628\u0627\u062a \u0648\u062a\u0637\u0648\u064a\u0631 \u0627\u0644\u0645\u0647\u0627\u0631\u0627\u062a \u0627\u0644\u0623\u0633\u0627\u0633\u064a\u0629 \u0644\u062c\u0648\u0627\u0646\u0628 \u0646\u0627\u062c\u062d\u0629 \u0641\u064a \u062d\u064a\u0627\u062a\u0643.\n<\/p>\n<p style=\"font-size: 1.1rem; line-height: 1.5; text-align: justify;\"><strong>\u0627\u0644\u0648\u0636\u0648\u062d<\/strong> : \u064a\u062a\u0645 \u0627\u0644\u062a\u0623\u0637\u064a\u0631 \u062e\u0644\u0627\u0644 \u0627\u0644\u062c\u0644\u0633\u0629 \u0627\u0644\u0623\u0648\u0644\u0649 \u0644\u062a\u062d\u062f\u064a\u062f \u062a\u0637\u0644\u0639\u0627\u062a\u0643 \u0648\u062a\u062d\u062f\u064a\u062f \u0623\u0647\u062f\u0627\u0641 \u0648\u0627\u0636\u062d\u0629 \u0648\u0642\u0627\u0628\u0644\u0629 \u0644\u0644\u062a\u062d\u0642\u064a\u0642 \u0648\u0627\u0644\u0642\u064a\u0627\u0633.\n<\/p>\n<p style=\"font-size: 1.1rem; line-height: 1.5; text-align: justify;\"><strong>\u0627\u0644\u0645\u0631\u0648\u0646\u0629<\/strong> : Nos sessions de life coaching peuvent se d\u00e9rouler dans notre cabinet ou en ligne, vous permettant d\u2019\u00eatre coach\u00e9 depuis n&rsquo;importe o\u00f9 et selon des horaires flexibles et adaptables.\n<\/p>\n<p style=\"font-size: 1.1rem; line-height: 1.5; text-align: justify;\"><strong>\u0627\u0644\u064a\u0645\u0627\u0645\u0629 \u0627\u0644\u0623\u0635\u064a\u0644\u0629 \u0644\u0645\u0646\u0647\u062c \u0627\u0644\u062a\u0637\u0648\u064a\u0631 \u0644\u0627\u0643\u062a\u0634\u0627\u0641 \u0645\u0634\u0631\u0648\u0639 \u062d\u064a\u0627\u062a\u0643<\/strong> : Con\u00e7ue pour vous aider dans votre qu\u00eate de sens, d\u00e9couvrir vos ambitions profondes et trouver votre projet de vie qui vous permettra d&rsquo;exploiter pleinement votre potentiel et atteindre l\u2019\u00e9panouissement professionnel.\n<\/p>\n\t\t\n<style>\n#text-3606668556 {\n  text-align: left;\n  color: rgb(250, 248, 248);\n}\n#text-3606668556 > * {\n  color: rgb(250, 248, 248);\n}\n<\/style>\n\t<\/div>\n\t\n\t\t<\/div>\n\t\t\t\t\t<\/div>\n\n\t\n<\/div>\n\t\t<\/div>\n\t\t\t\t\n<style>\n#col-174654370 > .col-inner {\n  padding: 30px 30px 30px 30px;\n}\n@media (min-width:850px) {\n  #col-174654370 > .col-inner {\n    padding: 0px 0px 0px 0;\n  }\n}\n<\/style>\n\t<\/div>\n\n\t\n\n\t<div id=\"col-1643471418\" class=\"col medium-12 small-12 large-6 medium-col-first\"  >\n\t\t\t\t<div class=\"col-inner\"  >\n\t\t\t\n\t\t\t\n\n  <div class=\"banner has-hover\" id=\"banner-801470242\">\n          <div class=\"banner-inner fill\">\n        <div class=\"banner-bg fill\" >\n            <div class=\"bg fill bg-fill\"><\/div>\n                                    \n                    <\/div>\n        <div class=\"banner-layers container\">\n            <div class=\"fill banner-link\"><\/div>            \n   <div id=\"text-box-1020558889\" class=\"text-box banner-layer x50 md-x50 lg-x50 y50 md-y50 lg-y50 res-text\">\n                                <div class=\"text-box-content text dark\">\n              \n              <div class=\"text-inner text-center\">\n                  \n              <\/div>\n           <\/div>\n                            \n<style>\n#text-box-1020558889 {\n  width: 60%;\n}\n#text-box-1020558889 .text-box-content {\n  font-size: 100%;\n}\n<\/style>\n    <\/div>\n \n        <\/div>\n      <\/div>\n\n            \n<style>\n#banner-801470242 {\n  padding-top: 99.99%;\n  background-color: rgba(255, 255, 255, 0);\n}\n#banner-801470242 .bg.bg-loaded {\n  background-image: url(https:\/\/alyamamafordevelopment.com\/wp-content\/uploads\/2024\/11\/coaching-carriere-ce-que-nous-offrons.jpg);\n}\n#banner-801470242 .bg {\n  background-position: 55% 42%;\n}\n@media (min-width:550px) {\n  #banner-801470242 {\n    padding-top: 400px;\n  }\n}\n@media (min-width:850px) {\n  #banner-801470242 {\n    padding-top: 80%;\n  }\n}\n<\/style>\n  <\/div>\n\n\n\t\t<\/div>\n\t\t\t\t\t<\/div>\n\n\t\n<\/div>\n\t\t<\/div>\n\n\t\t\n<style>\n#section_655035700 {\n  padding-top: 0px;\n  padding-bottom: 0px;\n  background-color: rgb(72, 180, 183);\n}\n<\/style>\n\t<\/section>","protected":false},"excerpt":{"rendered":"","protected":false},"author":1,"featured_media":0,"parent":0,"menu_order":0,"comment_status":"closed","ping_status":"closed","template":"","meta":{"footnotes":""},"class_list":["post-912","page","type-page","status-publish","hentry"],"_links":{"self":[{"href":"https:\/\/alyamamafordevelopment.com\/ar\/wp-json\/wp\/v2\/pages\/912"}],"collection":[{"href":"https:\/\/alyamamafordevelopment.com\/ar\/wp-json\/wp\/v2\/pages"}],"about":[{"href":"https:\/\/alyamamafordevelopment.com\/ar\/wp-json\/wp\/v2\/types\/page"}],"author":[{"embeddable":true,"href":"https:\/\/alyamamafordevelopment.com\/ar\/wp-json\/wp\/v2\/users\/1"}],"replies":[{"embeddable":true,"href":"https:\/\/alyamamafordevelopment.com\/ar\/wp-json\/wp\/v2\/comments?post=912"}],"version-history":[{"count":28,"href":"https:\/\/alyamamafordevelopment.com\/ar\/wp-json\/wp\/v2\/pages\/912\/revisions"}],"predecessor-version":[{"id":1633,"href":"https:\/\/alyamamafordevelopment.com\/ar\/wp-json\/wp\/v2\/pages\/912\/revisions\/1633"}],"wp:attachment":[{"href":"https:\/\/alyamamafordevelopment.com\/ar\/wp-json\/wp\/v2\/media?parent=912"}],"curies":[{"name":"wp","href":"https:\/\/api.w.org\/{rel}","templated":true}]}}