{"id":917,"date":"2024-10-06T21:07:48","date_gmt":"2024-10-06T21:07:48","guid":{"rendered":"https:\/\/alyamamafordevelopment.com\/?page_id=917"},"modified":"2024-12-30T12:35:42","modified_gmt":"2024-12-30T12:35:42","slug":"coaching-en-groupe-2","status":"publish","type":"page","link":"https:\/\/alyamamafordevelopment.com\/ar\/coaching-en-groupe-2\/","title":{"rendered":"\u0627\u0644\u062a\u062f\u0631\u064a\u0628 \u0627\u0644\u062c\u0645\u0627\u0639\u064a"},"content":{"rendered":"<section class=\"section\" id=\"section_771306850\">\n\t\t<div class=\"bg section-bg fill bg-fill  bg-loaded\" >\n\n\t\t\t\n\t\t\t\n\t\t\t\n\n\t\t<\/div>\n\n\t\t<div class=\"section-content relative\">\n\t\t\t\n<div class=\"row\"  id=\"row-1705275565\">\n\n\t<div id=\"col-2035343362\" class=\"col medium-12 small-12 large-6\"  >\n\t\t\t\t<div class=\"col-inner\" style=\"background-color:rgb(72, 180, 183);\" >\n\t\t\t\n\t\t\t\n\n  <div class=\"banner has-hover\" id=\"banner-153834675\">\n          <div class=\"banner-inner fill\">\n        <div class=\"banner-bg fill\" >\n            <div class=\"bg fill bg-fill\"><\/div>\n                                    \n                    <\/div>\n        <div class=\"banner-layers container\">\n            <div class=\"fill banner-link\"><\/div>            \n        <\/div>\n      <\/div>\n\n            \n<style>\n#banner-153834675 {\n  padding-top: 200px;\n  background-color: rgba(255, 255, 255, 0);\n}\n#banner-153834675 .bg.bg-loaded {\n  background-image: url(https:\/\/alyamamafordevelopment.com\/wp-content\/uploads\/2024\/12\/pexels-coaching-en-groupe-995x800.jpg);\n}\n@media (min-width:550px) {\n  #banner-153834675 {\n    padding-top: 306px;\n  }\n}\n<\/style>\n  <\/div>\n\n\n<div class=\"is-divider divider clearfix\" style=\"max-width:0px;height:0px;\"><\/div>\n\t<div id=\"text-3029014642\" class=\"text\">\n\t\t\n<h3 class=\"uppercase\" style=\"text-align: center; color: white;\">\u0644\u0645\u0627\u0630\u0627 \u062a\u062e\u062a\u0627\u0631 \u0627\u0644\u0645\u0631\u0627\u0641\u0642\u0629 \u0627\u0644\u0630\u0627\u062a\u064a\u0629 \u0641\u064a \u0627\u0644\u0645\u062c\u0645\u0648\u0639\u0629\u061f<\/h3>\n<p style=\"font-size: 1.1rem; line-height: 1.5; text-align: justify; color: white;\">\n  Que vous soyez une entreprise, une association ou une institution, le coaching en groupe offre \u00e0 vos membres l&rsquo;opportunit\u00e9 d\u2019apprendre les uns des autres, de partager leurs exp\u00e9riences simultan\u00e9ment, et de poursuivre un objectif collectif commun.<br \/>\n  Il permet \u00e9galement \u00e0 l\u2019organisation d&rsquo;optimiser le temps, l\u2019effort et l\u2019investissement tout en d\u00e9veloppant les comp\u00e9tences des participants.<br \/>\n  \u0645\u0646 \u062e\u0644\u0627\u0644 \u062e\u062f\u0645\u0629 \u0627\u0644\u0645\u0631\u0627\u0641\u0642\u0629 \u0627\u0644\u0630\u0627\u062a\u064a\u0629 \u0641\u064a \u0627\u0644\u062c\u0645\u0627\u0639\u0629 \u0627\u0644\u062a\u064a \u0646\u0642\u062f\u0645\u0647\u0627\u060c \u0627\u0645\u0646\u062d \u0623\u0639\u0636\u0627\u0626\u0643 \u0627\u0644\u0641\u0631\u0635\u0629 \u0644\u0644\u0646\u0645\u0648 \u0645\u0639\u064b\u0627 \u0648\u062a\u062d\u0642\u064a\u0642 \u0623\u0647\u062f\u0627\u0641\u0647\u0645 \u0627\u0644\u0645\u0634\u062a\u0631\u0643\u0629 \u0636\u0645\u0646 \u062f\u064a\u0646\u0627\u0645\u064a\u0643\u064a\u0629 \u062a\u0639\u0627\u0648\u0646\u064a\u0629 \u0641\u0631\u064a\u062f\u0629 \u0645\u0646 \u0646\u0648\u0639\u0647\u0627.\n<\/p>\n\t\t\n<style>\n#text-3029014642 {\n  color: rgb(54, 54, 54);\n}\n#text-3029014642 > * {\n  color: rgb(54, 54, 54);\n}\n<\/style>\n\t<\/div>\n\t\n\t\t<\/div>\n\t\t\t\t\n<style>\n#col-2035343362 > .col-inner {\n  padding: 10% 10% 10% 10%;\n}\n<\/style>\n\t<\/div>\n\n\t\n\n\t<div id=\"col-1181439241\" class=\"col medium-12 small-12 large-6\"  >\n\t\t\t\t<div class=\"col-inner\"  >\n\t\t\t\n\t\t\t\n<div class=\"row\"  id=\"row-177917708\">\n\n\t<div id=\"col-1922676938\" class=\"col small-12 large-12\"  >\n\t\t\t\t<div class=\"col-inner\"  >\n\t\t\t\n\t\t\t\n<div class=\"row\"  id=\"row-1253387652\">\n\n\t<div id=\"col-462158650\" class=\"col small-12 large-12\"  >\n\t\t\t\t<div class=\"col-inner\" style=\"background-color:rgb(72, 180, 183);\" >\n\t\t\t\n\t\t\t\n\t<div id=\"text-688455216\" class=\"text\">\n\t\t\n<h3 class=\"uppercase\" style=\"color: white;\">\u0641\u0648\u0627\u0626\u062f \u0628\u0631\u0646\u0627\u0645\u062c\u0646\u0627<\/h3>\n<p style=\"font-size: 1.1rem; line-height: 1.5; text-align: justify; color: white;\">\n  <strong>\u0627\u0644\u062a\u0639\u0644\u0645 \u0627\u0644\u062a\u0639\u0627\u0648\u0646\u064a<\/strong> : Exploitation de l&rsquo;intelligence collective du groupe pour d\u00e9couvrir de nouvelles id\u00e9es et solutions.<br \/>\n  <strong>\u0627\u0644\u0623\u0645\u0646 \u0648\u0627\u0644\u062e\u0635\u0648\u0635\u064a\u0629<\/strong> : \u062a\u0628\u0627\u062f\u0644 \u0627\u0644\u062e\u0628\u0631\u0627\u062a \u0627\u0644\u0645\u062a\u0628\u0627\u062f\u0644\u0629 \u0641\u064a \u062c\u0648 \u0648\u062f\u064a \u0648\u0628\u0623\u0645\u0627\u0646 \u0648\u0633\u0631\u064a\u0629 \u062a\u0627\u0645\u0629.<br \/>\n  <strong>\u0627\u0644\u062f\u0639\u0645 \u0627\u0644\u0645\u062a\u0628\u0627\u062f\u0644<\/strong> : \u0627\u0644\u062a\u0634\u062c\u064a\u0639 \u0627\u0644\u0645\u062a\u0628\u0627\u062f\u0644 \u0628\u064a\u0646 \u0623\u0641\u0631\u0627\u062f \u0627\u0644\u0645\u062c\u0645\u0648\u0639\u0629\u060c \u0645\u0645\u0627 \u064a\u062e\u0644\u0642 \u0634\u0628\u0643\u0629 \u062f\u0639\u0645 \u0642\u0648\u064a\u0629.<br \/>\n  <strong>\u062a\u0637\u0648\u064a\u0631 \u0627\u0644\u0645\u0647\u0627\u0631\u0627\u062a<\/strong> : \u062a\u062d\u0633\u064a\u0646 \u0645\u0647\u0627\u0631\u0627\u062a \u0627\u0644\u0627\u062a\u0635\u0627\u0644 \u0648\u0627\u0644\u0642\u064a\u0627\u062f\u0629 \u0648\u062d\u0644 \u0627\u0644\u0645\u0634\u0643\u0644\u0627\u062a \u0645\u0646 \u062e\u0644\u0627\u0644 \u0627\u0644\u062a\u0645\u0627\u0631\u064a\u0646 \u0627\u0644\u0639\u0645\u0644\u064a\u0629 \u0648\u0625\u062b\u0631\u0627\u0621 \u0627\u0644\u0645\u0646\u0627\u0642\u0634\u0627\u062a.<br \/>\n  <strong>\u0627\u0644\u0648\u0636\u0648\u062d<\/strong> : \u062a\u0623\u0637\u064a\u0631 \u0627\u0644\u0645\u0647\u0645\u0629 \u0639\u0644\u0649 \u0645\u0631\u062d\u0644\u062a\u064a\u0646: \u0627\u0644\u0623\u0648\u0644\u0649 \u0645\u0639 \u0627\u0644\u0645\u0646\u0638\u0645\u0629 \u0627\u0644\u0645\u0627\u0646\u062d\u0629 \u0644\u062a\u062d\u062f\u064a\u062f \u0625\u0637\u0627\u0631 \u0627\u0644\u0645\u0647\u0645\u0629 \u0648\u0627\u0644\u0623\u0647\u062f\u0627\u0641 \u0627\u0644\u0643\u0644\u064a\u0629 \u0648\u0648\u062c\u0647\u0627\u062a \u0627\u0644\u0646\u0638\u0631 \u0648\u0623\u0633\u0627\u0644\u064a\u0628 \u0627\u0644\u062a\u0639\u0627\u0648\u0646. \u0648\u0627\u0644\u062b\u0627\u0646\u064a \u0645\u0639 \u0627\u0644\u0645\u062c\u0645\u0648\u0639\u0629 \u0627\u0644\u0645\u0639\u0646\u064a\u0629 \u0628\u062a\u062d\u062f\u064a\u062f \u0623\u0647\u062f\u0627\u0641 \u0627\u0644\u062a\u062f\u0631\u064a\u0628 \u0627\u0644\u0641\u0631\u062f\u064a\u0629 \u0648\u0627\u0644\u0645\u0648\u0636\u0648\u0639\u064a\u0629 \u0627\u0644\u0645\u0634\u062a\u0631\u0643\u0629 \u0648\u0627\u0644\u0648\u0627\u0636\u062d\u0629 \u0648\u0627\u0644\u0642\u0627\u0628\u0644\u0629 \u0644\u0644\u062a\u062d\u0642\u064a\u0642 \u0648\u0627\u0644\u0642\u064a\u0627\u0633\u060c \u0628\u0627\u0644\u0625\u0636\u0627\u0641\u0629 \u0625\u0644\u0649 \u0627\u0644\u0623\u062e\u0644\u0627\u0642\u064a\u0627\u062a \u0648\u0642\u064a\u0645 \u0627\u0644\u0645\u062c\u0645\u0648\u0639\u0629.<br \/>\n  <strong>\u0627\u0644\u0645\u0631\u0648\u0646\u0629<\/strong> : Nos sessions de coaching de groupe sont accessibles en pr\u00e9sentiel ou en ligne, vous permettant de participer depuis n&rsquo;importe o\u00f9 et selon des horaires flexibles et adaptables.<br \/>\n  <strong>\u0648\u0631\u0634 \u0639\u0645\u0644 \u0645\u0648\u0636\u0648\u0639\u0627\u062a\u064a\u0629<\/strong> : \u0648\u0631\u0634 \u0639\u0645\u0644 \u062a\u0631\u0643\u0632 \u0639\u0644\u0649 \u0645\u0648\u0636\u0648\u0639\u0627\u062a \u062e\u0627\u0635\u0629 \u0645\u062d\u062f\u062f\u0629  \u0645\u0633\u0628\u0642\u0627 \u062e\u0644\u0627\u0644 \u0645\u0631\u062d\u0644\u0629 \u0627\u0644\u062a\u0623\u0637\u064a\u0631\u060c \u0645\u062b\u0644 \u0625\u062f\u0627\u0631\u0629 \u0627\u0644\u062a\u0648\u062a\u0631\u060c \u0648\u0627\u0644\u062b\u0642\u0629 \u0628\u0627\u0644\u0646\u0641\u0633\u060c \u0648\u0645\u0627 \u0625\u0644\u0649 \u0630\u0644\u0643.<br \/>\n  <strong>\u0627\u0644\u0645\u0648\u0627\u0631\u062f \u0648\u0627\u0644\u0623\u062f\u0648\u0627\u062a<\/strong> : Acc\u00e8s \u00e0 une vari\u00e9t\u00e9 de ressources et d&rsquo;outils pour soutenir le d\u00e9veloppement continu du groupe.\n<\/p>\n\t\t\n<style>\n#text-688455216 {\n  color: rgb(54, 54, 54);\n}\n#text-688455216 > * {\n  color: rgb(54, 54, 54);\n}\n<\/style>\n\t<\/div>\n\t\n\n  <div class=\"banner has-hover\" id=\"banner-561893937\">\n          <div class=\"banner-inner fill\">\n        <div class=\"banner-bg fill\" >\n            <div class=\"bg fill bg-fill\"><\/div>\n                                    \n                    <\/div>\n        <div class=\"banner-layers container\">\n            <div class=\"fill banner-link\"><\/div>            \n   <div id=\"text-box-1419570858\" class=\"text-box banner-layer x50 md-x50 lg-x50 y50 md-y50 lg-y50 res-text\">\n                                <div class=\"text-box-content text dark\">\n              \n              <div class=\"text-inner text-center\">\n                  \n              <\/div>\n           <\/div>\n                            \n<style>\n#text-box-1419570858 {\n  width: 60%;\n}\n#text-box-1419570858 .text-box-content {\n  font-size: 100%;\n}\n<\/style>\n    <\/div>\n \n        <\/div>\n      <\/div>\n\n            \n<style>\n#banner-561893937 {\n  padding-top: 200px;\n  background-color: rgba(255, 255, 255, 0);\n}\n#banner-561893937 .bg.bg-loaded {\n  background-image: url(https:\/\/alyamamafordevelopment.com\/wp-content\/uploads\/2024\/12\/pexels-coaching-en-groupe-offre-1200x800.jpg);\n}\n@media (min-width:550px) {\n  #banner-561893937 {\n    padding-top: 300px;\n  }\n}\n@media (min-width:850px) {\n  #banner-561893937 {\n    padding-top: 200px;\n  }\n}\n<\/style>\n  <\/div>\n\n\n\t\t<\/div>\n\t\t\t\t\n<style>\n#col-462158650 > .col-inner {\n  padding: 10% 10% 10% 10%;\n}\n<\/style>\n\t<\/div>\n\n\t\n<\/div>\n\t\t<\/div>\n\t\t\t\t\t<\/div>\n\n\t\n<\/div>\n\t\t<\/div>\n\t\t\t\t\t<\/div>\n\n\t\n<\/div>\n\t\t<\/div>\n\n\t\t\n<style>\n#section_771306850 {\n  padding-top: 30px;\n  padding-bottom: 30px;\n}\n<\/style>\n\t<\/section>","protected":false},"excerpt":{"rendered":"","protected":false},"author":1,"featured_media":0,"parent":0,"menu_order":0,"comment_status":"closed","ping_status":"closed","template":"","meta":{"footnotes":""},"class_list":["post-917","page","type-page","status-publish","hentry"],"_links":{"self":[{"href":"https:\/\/alyamamafordevelopment.com\/ar\/wp-json\/wp\/v2\/pages\/917"}],"collection":[{"href":"https:\/\/alyamamafordevelopment.com\/ar\/wp-json\/wp\/v2\/pages"}],"about":[{"href":"https:\/\/alyamamafordevelopment.com\/ar\/wp-json\/wp\/v2\/types\/page"}],"author":[{"embeddable":true,"href":"https:\/\/alyamamafordevelopment.com\/ar\/wp-json\/wp\/v2\/users\/1"}],"replies":[{"embeddable":true,"href":"https:\/\/alyamamafordevelopment.com\/ar\/wp-json\/wp\/v2\/comments?post=917"}],"version-history":[{"count":24,"href":"https:\/\/alyamamafordevelopment.com\/ar\/wp-json\/wp\/v2\/pages\/917\/revisions"}],"predecessor-version":[{"id":1626,"href":"https:\/\/alyamamafordevelopment.com\/ar\/wp-json\/wp\/v2\/pages\/917\/revisions\/1626"}],"wp:attachment":[{"href":"https:\/\/alyamamafordevelopment.com\/ar\/wp-json\/wp\/v2\/media?parent=917"}],"curies":[{"name":"wp","href":"https:\/\/api.w.org\/{rel}","templated":true}]}}