{"id":1079,"date":"2024-11-23T10:57:44","date_gmt":"2024-11-23T10:57:44","guid":{"rendered":"https:\/\/alyamamafordevelopment.com\/?page_id=1079"},"modified":"2025-01-01T21:02:39","modified_gmt":"2025-01-01T21:02:39","slug":"soft-skills","status":"publish","type":"page","link":"https:\/\/alyamamafordevelopment.com\/en\/soft-skills\/","title":{"rendered":"Soft Skills"},"content":{"rendered":"<section class=\"section\" id=\"section_1363853828\">\n\t\t<div class=\"bg section-bg fill bg-fill  bg-loaded\" >\n\n\t\t\t\n\t\t\t\n\t\t\t\n\n\t\t<\/div>\n\n\t\t<div class=\"section-content relative\">\n\t\t\t\n\t<div id=\"gap-408915913\" class=\"gap-element clearfix\" style=\"display:block; height:auto;\">\n\t\t\n<style>\n#gap-408915913 {\n  padding-top: 30px;\n}\n<\/style>\n\t<\/div>\n\t\n<div class=\"row\"  id=\"row-158631046\">\n\n\t<div id=\"col-1736838520\" class=\"col medium-12 small-12 large-8\"  >\n\t\t\t\t<div class=\"col-inner\"  >\n\t\t\t\n\t\t\t\n\n  <div class=\"banner has-hover\" id=\"banner-2020865716\">\n          <div class=\"banner-inner fill\">\n        <div class=\"banner-bg fill\" >\n            <div class=\"bg fill bg-fill\"><\/div>\n                                    \n                    <\/div>\n        <div class=\"banner-layers container\">\n            <div class=\"fill banner-link\"><\/div>            \n        <\/div>\n      <\/div>\n\n            \n<style>\n#banner-2020865716 {\n  padding-top: 300px;\n  background-color: rgba(255, 255, 255, 0);\n}\n#banner-2020865716 .bg.bg-loaded {\n  background-image: url(https:\/\/alyamamafordevelopment.com\/wp-content\/uploads\/2024\/12\/pexels-soft-skills-1-600x800.jpg);\n}\n@media (min-width:550px) {\n  #banner-2020865716 {\n    padding-top: 450px;\n  }\n}\n<\/style>\n  <\/div>\n\n\n\t\t<\/div>\n\t\t\t\t\t<\/div>\n\n\t\n<\/div>\n<div class=\"row align-right\"  id=\"row-235419346\">\n\n\t<div id=\"col-1341498951\" class=\"col medium-12 small-12 large-6\"  >\n\t\t\t\t<div class=\"col-inner\" style=\"background-color:rgb(255, 255, 255);\" >\n\t\t\t\n\t\t\t\n<h3 class=\"uppercase\" style=\"text-align: center; color: black;\">Why take a soft skills training course?<\/h3>\n<p style=\"font-size: 1.1rem; line-height: 1.5; text-align: justify; color: black;\">In a constantly changing professional world, soft skills have become as crucial as technical skills. They allow you to better manage interpersonal relationships, improve communication and foster a collaborative and productive work environment. Employers are increasingly looking for candidates with essential personal qualities to adapt to change and work effectively in a team. Investing in our soft skills training is investing in your professional and personal future.\n<\/p>\n\t\t<\/div>\n\t\t\t\t\n<style>\n#col-1341498951 > .col-inner {\n  padding: 7% 8% 5% 8%;\n  margin: -50px 0 0px 0px;\n}\n@media (min-width:550px) {\n  #col-1341498951 > .col-inner {\n    padding: 6% 8% 5% 8%;\n  }\n}\n@media (min-width:850px) {\n  #col-1341498951 > .col-inner {\n    padding: 8% 8% 5% 8%;\n    margin: -290px 0px 0px 0px;\n  }\n}\n<\/style>\n\t<\/div>\n\n\t\n<\/div>\n\t\t<\/div>\n\n\t\t\n<style>\n#section_1363853828 {\n  padding-top: 30px;\n  padding-bottom: 30px;\n  background-color: rgb(72, 180, 183);\n}\n@media (min-width:550px) {\n  #section_1363853828 {\n    padding-top: 50px;\n    padding-bottom: 50px;\n  }\n}\n<\/style>\n\t<\/section>\n\t\n\t<section class=\"section\" id=\"section_580280441\">\n\t\t<div class=\"bg section-bg fill bg-fill  bg-loaded\" >\n\n\t\t\t\n\t\t\t\n\t\t\t\n\n\t\t<\/div>\n\n\t\t<div class=\"section-content relative\">\n\t\t\t\n<div class=\"row align-middle\"  id=\"row-121443570\">\n\n\t<div id=\"col-2036589660\" class=\"col medium-12 small-12 large-6\"  >\n\t\t\t\t<div class=\"col-inner\"  >\n\t\t\t\n\t\t\t\n\n  <div class=\"banner has-hover\" id=\"banner-2125132177\">\n          <div class=\"banner-inner fill\">\n        <div class=\"banner-bg fill\" >\n            <div class=\"bg fill bg-fill\"><\/div>\n                                    \n                    <\/div>\n        <div class=\"banner-layers container\">\n            <div class=\"fill banner-link\"><\/div>            \n   <div id=\"text-box-1086612413\" class=\"text-box banner-layer x50 md-x50 lg-x50 y50 md-y50 lg-y50 res-text\">\n                                <div class=\"text-box-content text dark\">\n              \n              <div class=\"text-inner text-center\">\n                  \n              <\/div>\n           <\/div>\n                            \n<style>\n#text-box-1086612413 {\n  width: 60%;\n}\n#text-box-1086612413 .text-box-content {\n  font-size: 100%;\n}\n<\/style>\n    <\/div>\n \n        <\/div>\n      <\/div>\n\n            \n<style>\n#banner-2125132177 {\n  padding-top: 99.99%;\n  background-color: rgb(255, 255, 255);\n}\n#banner-2125132177 .bg.bg-loaded {\n  background-image: url(https:\/\/alyamamafordevelopment.com\/wp-content\/uploads\/2024\/12\/pexels-ateliers-de-formation-soft-skills-1200x800.jpg);\n}\n#banner-2125132177 .bg {\n  background-position: 35% 56%;\n}\n@media (min-width:550px) {\n  #banner-2125132177 {\n    padding-top: 75%;\n  }\n}\n@media (min-width:850px) {\n  #banner-2125132177 {\n    padding-top: 80%;\n  }\n}\n<\/style>\n  <\/div>\n\n\n\t\t<\/div>\n\t\t\t\t\t<\/div>\n\n\t\n\n\t<div id=\"col-364394481\" class=\"col medium-12 small-12 large-6\"  >\n\t\t\t\t<div class=\"col-inner\"  >\n\t\t\t\n\t\t\t\n\t<div id=\"gap-1053255656\" class=\"gap-element clearfix\" style=\"display:block; height:auto;\">\n\t\t\n<style>\n#gap-1053255656 {\n  padding-top: 10px;\n}\n@media (min-width:850px) {\n  #gap-1053255656 {\n    padding-top: 30px;\n  }\n}\n<\/style>\n\t<\/div>\n\t\n<h3 class=\"uppercase\" style=\"text-align: center; color: black;\">What we offer <\/h3>\n<p style=\"font-size: 1.1rem; line-height: 1.5; text-align: justify; color: black;\"><strong>Interactive and practical training<\/strong> : Engaging sessions that combine learning, practical exercises and coaching.<\/p>\n<p><strong>Diversity of qualified trainers<\/strong> : Workshops led by various experienced and certified trainer coaches.<\/p>\n<p><strong>Thematic workshops<\/strong> : Workshops focused on specific topics such as stress management, assertive communication, etc.<\/p>\n<p><strong>Resources and tools<\/strong> : Access to a variety of resources and tools to support your continued development.\n<\/p>\n\t\t<\/div>\n\t\t\t\t\n<style>\n#col-364394481 > .col-inner {\n  padding: 0px 0px 0px 0;\n}\n@media (min-width:850px) {\n  #col-364394481 > .col-inner {\n    padding: 0px 0px 0px 10%;\n  }\n}\n<\/style>\n\t<\/div>\n\n\t\n<\/div>\n\t\t<\/div>\n\n\t\t\n<style>\n#section_580280441 {\n  padding-top: 40px;\n  padding-bottom: 40px;\n}\n@media (min-width:850px) {\n  #section_580280441 {\n    padding-top: 70px;\n    padding-bottom: 70px;\n  }\n}\n<\/style>\n\t<\/section>\n\t\n\t<section class=\"section\" id=\"section_1220122442\">\n\t\t<div class=\"bg section-bg fill bg-fill  bg-loaded\" >\n\n\t\t\t\n\t\t\t\n\t\t\t\n\n\t\t<\/div>\n\n\t\t<div class=\"section-content relative\">\n\t\t\t\n<div class=\"row align-center\"  id=\"row-1359481422\">\n\n\t<div id=\"col-2015573468\" class=\"col medium-6 small-12 large-9\"  >\n\t\t\t\t<div class=\"col-inner text-center\"  >\n\t\t\t\n\t\t\t\n\t<div id=\"text-1551780448\" class=\"text\">\n\t\t\n<h3>Our Soft Skills training workshops<\/h3>\n\t\t\n<style>\n#text-1551780448 {\n  font-size: 2.25rem;\n  line-height: 1;\n}\n<\/style>\n\t<\/div>\n\t\n\t\t<\/div>\n\t\t\t\t\t<\/div>\n\n\t\n<\/div>\n<div class=\"row row-small align-equal row-box-shadow-3-hover\"  id=\"row-1036060635\">\n\n\t<div id=\"col-852914349\" class=\"col medium-4 small-12 large-4\"  >\n\t\t\t\t<div class=\"col-inner\" style=\"background-color:rgb(255, 250, 238);\" >\n\t\t\t\n\t\t\t\n\n\t<a class=\"plain\" href=\"#\"  >\t<div class=\"icon-box featured-box icon-box-center text-center\"  >\n\t\t\t\t<div class=\"icon-box-text last-reset\">\n\t\t\t\t\t\t\t\t\t\n\t<div id=\"text-314479750\" class=\"text\">\n\t\t\n<h5>Confiance et estime de soi<\/h5>\n\t\t\n<style>\n#text-314479750 {\n  font-size: 1rem;\n}\n@media (min-width:850px) {\n  #text-314479750 {\n    font-size: 1.25rem;\n  }\n}\n<\/style>\n\t<\/div>\n\t\n<p>Am\u00e9liorer votre confiance en soi et ajuster votre estime de soi pour mieux vivre les exp\u00e9riences de la vie.<\/p>\n\t\t<\/div>\n\t<\/div>\n\t<\/a>\n\t\n\t\t<\/div>\n\t\t\t\t\t<\/div>\n\n\t\n\n\t<div id=\"col-1063142603\" class=\"col medium-4 small-12 large-4\"  >\n\t\t\t\t<div class=\"col-inner\" style=\"background-color:rgb(235, 241, 251);\" >\n\t\t\t\n\t\t\t\n\n\t<a class=\"plain\" href=\"#\"  >\t<div class=\"icon-box featured-box icon-box-center text-center\"  >\n\t\t\t\t<div class=\"icon-box-text last-reset\">\n\t\t\t\t\t\t\t\t\t\n\t<div id=\"text-2263857933\" class=\"text\">\n\t\t\n<h5>Stress management<\/h5>\n\t\t\n<style>\n#text-2263857933 {\n  font-size: 1rem;\n}\n@media (min-width:850px) {\n  #text-2263857933 {\n    font-size: 1.25rem;\n  }\n}\n<\/style>\n\t<\/div>\n\t\n<p>Apprenez les techniques de gestion de stress pour pr\u00e9server sa sant\u00e9 et vivre en symbiose.<\/p>\n\t\t<\/div>\n\t<\/div>\n\t<\/a>\n\t\n\t\t<\/div>\n\t\t\t\t\t<\/div>\n\n\t\n\n\t<div id=\"col-323512877\" class=\"col medium-4 small-12 large-4\"  >\n\t\t\t\t<div class=\"col-inner\" style=\"background-color:rgb(255, 241, 250);\" >\n\t\t\t\n\t\t\t\n\n\t<a class=\"plain\" href=\"#\"  >\t<div class=\"icon-box featured-box icon-box-center text-center\"  >\n\t\t\t\t<div class=\"icon-box-text last-reset\">\n\t\t\t\t\t\t\t\t\t\n\t<div id=\"text-4126659750\" class=\"text\">\n\t\t\n<h5>Know yourself and others better<\/h5>\n\t\t\n<style>\n#text-4126659750 {\n  font-size: 1rem;\n}\n@media (min-width:850px) {\n  #text-4126659750 {\n    font-size: 1.25rem;\n  }\n}\n<\/style>\n\t<\/div>\n\t\n<p>D\u00e9couvrir votre profil de personnalit\u00e9 et savoir lire la personnalit\u00e9 des autres pour fluidifier la communication interpersonnelle.<\/p>\n\t\t<\/div>\n\t<\/div>\n\t<\/a>\n\t\n\t\t<\/div>\n\t\t\t\t\t<\/div>\n\n\t\n\n\t<div id=\"col-1245137194\" class=\"col medium-4 small-12 large-4\"  >\n\t\t\t\t<div class=\"col-inner\" style=\"background-color:rgb(237, 250, 254);\" >\n\t\t\t\n\t\t\t\n\n\t<a class=\"plain\" href=\"#\"  >\t<div class=\"icon-box featured-box icon-box-center text-center\"  >\n\t\t\t\t<div class=\"icon-box-text last-reset\">\n\t\t\t\t\t\t\t\t\t\n\t<div id=\"text-3468605508\" class=\"text\">\n\t\t\n<h5>Know how to delegate<\/h5>\n\t\t\n<style>\n#text-3468605508 {\n  font-size: 1rem;\n}\n@media (min-width:850px) {\n  #text-3468605508 {\n    font-size: 1.25rem;\n  }\n}\n<\/style>\n\t<\/div>\n\t\n<p>D\u00e9velopper vos capacit\u00e9s de d\u00e9l\u00e9gation des t\u00e2ches tout en pr\u00e9servant le niveau de qualit\u00e9 souhait\u00e9.<\/p>\n\t\t<\/div>\n\t<\/div>\n\t<\/a>\n\t\n\t\t<\/div>\n\t\t\t\t\t<\/div>\n\n\t\n\n\t<div id=\"col-1239020483\" class=\"col medium-4 small-12 large-4\"  >\n\t\t\t\t<div class=\"col-inner\" style=\"background-color:rgb(241, 234, 254);\" >\n\t\t\t\n\t\t\t\n\n\t<a class=\"plain\" href=\"#\"  >\t<div class=\"icon-box featured-box icon-box-center text-center\"  >\n\t\t\t\t<div class=\"icon-box-text last-reset\">\n\t\t\t\t\t\t\t\t\t\n\t<div id=\"text-3592839380\" class=\"text\">\n\t\t\n<h5><strong>Managing your emotions<\/strong><\/h5>\n\t\t\n<style>\n#text-3592839380 {\n  font-size: 1rem;\n}\n@media (min-width:850px) {\n  #text-3592839380 {\n    font-size: 1.25rem;\n  }\n}\n<\/style>\n\t<\/div>\n\t\n\t\t<\/div>\n\t<\/div>\n\t<\/a>\n\t\n<p style=\"text-align: center;\">Apprenez \u00e0 accueillir vos \u00e9motions et mieux les g\u00e9rer pour atteindre son \u00e9quilibre et bien-\u00eatre dans la vie.<\/p>\n\t\t<\/div>\n\t\t\t\t\t<\/div>\n\n\t\n\n\t<div id=\"col-1221634060\" class=\"col medium-4 small-12 large-4\"  >\n\t\t\t\t<div class=\"col-inner\" style=\"background-color:rgb(255, 250, 238);\" >\n\t\t\t\n\t\t\t\n\n\t<a class=\"plain\" href=\"#\"  >\t<div class=\"icon-box featured-box icon-box-center text-center\"  >\n\t\t\t\t<div class=\"icon-box-text last-reset\">\n\t\t\t\t\t\t\t\t\t\n\t<div id=\"text-4083745162\" class=\"text\">\n\t\t\n<h5><strong>Improving your leadership<\/strong><\/h5>\n\t\t\n<style>\n#text-4083745162 {\n  font-size: 1rem;\n}\n@media (min-width:850px) {\n  #text-4083745162 {\n    font-size: 1.25rem;\n  }\n}\n<\/style>\n\t<\/div>\n\t\n<p>D\u00e9velopper ses capacit\u00e9s de supervision et de conduite d\u2019\u00e9quipes harmonieuses et performantes.<\/p>\n\t\t<\/div>\n\t<\/div>\n\t<\/a>\n\t\n\t\t<\/div>\n\t\t\t\t\t<\/div>\n\n\t\n\n\t<div id=\"col-1835940324\" class=\"col medium-4 small-12 large-4\"  >\n\t\t\t\t<div class=\"col-inner\" style=\"background-color:rgb(241, 234, 254);\" >\n\t\t\t\n\t\t\t\n\n\t<a class=\"plain\" href=\"#\"  >\t<div class=\"icon-box featured-box icon-box-center text-center\"  >\n\t\t\t\t<div class=\"icon-box-text last-reset\">\n\t\t\t\t\t\t\t\t\t\n\t<div id=\"text-3917466924\" class=\"text\">\n\t\t\n<h5><strong>Effective Communication <\/strong><\/h5>\n\t\t\n<style>\n#text-3917466924 {\n  font-size: 1rem;\n}\n@media (min-width:850px) {\n  #text-3917466924 {\n    font-size: 1.25rem;\n  }\n}\n<\/style>\n\t<\/div>\n\t\n\t\t<\/div>\n\t<\/div>\n\t<\/a>\n\t\n<p style=\"text-align: center;\">Apprenez \u00e0 communiquer clairement et avec impact, que ce soit dans la vie personnelle ou professionnelle.<\/p>\n\t\t<\/div>\n\t\t\t\t\t<\/div>\n\n\t\n\n\t<div id=\"col-765834521\" class=\"col medium-4 small-12 large-4\"  >\n\t\t\t\t<div class=\"col-inner\" style=\"background-color:rgb(255, 250, 238);\" >\n\t\t\t\n\t\t\t\n\n\t<a class=\"plain\" href=\"#\"  >\t<div class=\"icon-box featured-box icon-box-center text-center\"  >\n\t\t\t\t<div class=\"icon-box-text last-reset\">\n\t\t\t\t\t\t\t\t\t\n\t<div id=\"text-3997735195\" class=\"text\">\n\t\t\n<h5><strong>Time Management <\/strong><\/h5>\n\t\t\n<style>\n#text-3997735195 {\n  font-size: 1rem;\n}\n@media (min-width:850px) {\n  #text-3997735195 {\n    font-size: 1.25rem;\n  }\n}\n<\/style>\n\t<\/div>\n\t\n<p>D\u00e9couvrez des techniques pour mieux g\u00e9rer votre temps et augmenter votre productivit\u00e9.<\/p>\n\t\t<\/div>\n\t<\/div>\n\t<\/a>\n\t\n\t\t<\/div>\n\t\t\t\t\t<\/div>\n\n\t\n\n\t<div id=\"col-1875322203\" class=\"col medium-4 small-12 large-4\"  >\n\t\t\t\t<div class=\"col-inner\" style=\"background-color:rgb(228, 248, 246);\" >\n\t\t\t\n\t\t\t\n\n\t<a class=\"plain\" href=\"#\"  >\t<div class=\"icon-box featured-box icon-box-center text-center\"  >\n\t\t\t\t<div class=\"icon-box-text last-reset\">\n\t\t\t\t\t\t\t\t\t\n\t<div id=\"text-1649660442\" class=\"text\">\n\t\t\n<h5><strong>Teamwork <\/strong><\/h5>\n\t\t\n<style>\n#text-1649660442 {\n  font-size: 1rem;\n}\n@media (min-width:850px) {\n  #text-1649660442 {\n    font-size: 1.25rem;\n  }\n}\n<\/style>\n\t<\/div>\n\t\n<p>D\u00e9veloppez des comp\u00e9tences en collaboration et en leadership pour travailler harmonieusement avec les autres.<\/p>\n\t\t<\/div>\n\t<\/div>\n\t<\/a>\n\t\n\t\t<\/div>\n\t\t\t\t\t<\/div>\n\n\t\n\n\t<div id=\"col-1383452095\" class=\"col medium-4 small-12 large-4\"  >\n\t\t\t\t<div class=\"col-inner\" style=\"background-color:rgb(255, 241, 250);\" >\n\t\t\t\n\t\t\t\n\n\t<a class=\"plain\" href=\"#\"  >\t<div class=\"icon-box featured-box icon-box-center text-center\"  >\n\t\t\t\t<div class=\"icon-box-text last-reset\">\n\t\t\t\t\t\t\t\t\t\n\t<div id=\"text-864741535\" class=\"text\">\n\t\t\n<h5><strong>Conflict Resolution <\/strong><\/h5>\n\t\t\n<style>\n#text-864741535 {\n  font-size: 1rem;\n}\n@media (min-width:850px) {\n  #text-864741535 {\n    font-size: 1.25rem;\n  }\n}\n<\/style>\n\t<\/div>\n\t\n<p>Ma\u00eetrisez l&rsquo;art de r\u00e9soudre les conflits de mani\u00e8re constructive et positive.<\/p>\n\t\t<\/div>\n\t<\/div>\n\t<\/a>\n\t\n\t\t<\/div>\n\t\t\t\t\t<\/div>\n\n\t\n\n<style>\n#row-1036060635 > .col > .col-inner {\n  padding: 30px 20px 30px 20px;\n  border-radius: 5px;\n}\n@media (min-width:850px) {\n  #row-1036060635 > .col > .col-inner {\n    padding: 70px 40px 70px 40px;\n  }\n}\n<\/style>\n<\/div>\n\t\t<\/div>\n\n\t\t\n<style>\n#section_1220122442 {\n  padding-top: 40px;\n  padding-bottom: 40px;\n}\n@media (min-width:550px) {\n  #section_1220122442 {\n    padding-top: 70px;\n    padding-bottom: 70px;\n  }\n}\n<\/style>\n\t<\/section>","protected":false},"excerpt":{"rendered":"","protected":false},"author":1,"featured_media":0,"parent":0,"menu_order":0,"comment_status":"closed","ping_status":"closed","template":"","meta":{"footnotes":""},"class_list":["post-1079","page","type-page","status-publish","hentry"],"_links":{"self":[{"href":"https:\/\/alyamamafordevelopment.com\/en\/wp-json\/wp\/v2\/pages\/1079"}],"collection":[{"href":"https:\/\/alyamamafordevelopment.com\/en\/wp-json\/wp\/v2\/pages"}],"about":[{"href":"https:\/\/alyamamafordevelopment.com\/en\/wp-json\/wp\/v2\/types\/page"}],"author":[{"embeddable":true,"href":"https:\/\/alyamamafordevelopment.com\/en\/wp-json\/wp\/v2\/users\/1"}],"replies":[{"embeddable":true,"href":"https:\/\/alyamamafordevelopment.com\/en\/wp-json\/wp\/v2\/comments?post=1079"}],"version-history":[{"count":49,"href":"https:\/\/alyamamafordevelopment.com\/en\/wp-json\/wp\/v2\/pages\/1079\/revisions"}],"predecessor-version":[{"id":1685,"href":"https:\/\/alyamamafordevelopment.com\/en\/wp-json\/wp\/v2\/pages\/1079\/revisions\/1685"}],"wp:attachment":[{"href":"https:\/\/alyamamafordevelopment.com\/en\/wp-json\/wp\/v2\/media?parent=1079"}],"curies":[{"name":"wp","href":"https:\/\/api.w.org\/{rel}","templated":true}]}}