{"id":1120,"date":"2024-11-23T12:27:21","date_gmt":"2024-11-23T12:27:21","guid":{"rendered":"https:\/\/alyamamafordevelopment.com\/?page_id=1120"},"modified":"2025-01-18T11:02:58","modified_gmt":"2025-01-18T10:02:58","slug":"location-de-salle-de-formation","status":"publish","type":"page","link":"https:\/\/alyamamafordevelopment.com\/en\/location-de-salle-de-formation\/","title":{"rendered":"Training room rental"},"content":{"rendered":"<p style=\"font-size: 1.1rem; line-height: 1.5; text-align: justify;\">Vous \u00eates coach professionnel certifi\u00e9, ou formateur en qu\u00eate d\u2019un espace de formation pour un nombre limit\u00e9 de participants, cozy, convivial et apaisant ? L\u2019espace Alyamama for Development est l\u2019endroit id\u00e9al pour vous.<\/p>\n\n  <div class=\"banner has-hover\" id=\"banner-1546466612\">\n          <div class=\"banner-inner fill\">\n        <div class=\"banner-bg fill\" >\n            <div class=\"bg fill bg-fill\"><\/div>\n                        <div class=\"overlay\"><\/div>            \n                    <\/div>\n        <div class=\"banner-layers container\">\n            <div class=\"fill banner-link\"><\/div>            \n   <div id=\"text-box-1744530817\" class=\"text-box banner-layer x50 md-x50 lg-x50 y50 md-y50 lg-y50 res-text\">\n                                <div class=\"text-box-content text dark\">\n              \n              <div class=\"text-inner text-center\">\n                  \n<div class=\"is-divider divider clearfix\" style=\"max-width:0px;\"><\/div>\n\t<div class=\"img has-hover x md-x lg-x y md-y lg-y\" id=\"image_1128321995\">\n\t\t\t\t\t\t\t\t<div class=\"img-inner image-cover dark\" style=\"padding-top:50%;\">\n\t\t\t<img loading=\"lazy\" decoding=\"async\" width=\"800\" height=\"800\" src=\"https:\/\/alyamamafordevelopment.com\/wp-content\/uploads\/2024\/12\/petite-salle-de-formation-avec-mur-en-vert-pastel-contenant-un-tableau-decriture-blanc-en-face-et-des-chaises-noirs-en-position-dorsale-800x800.jpg\" class=\"attachment-large size-large\" alt=\"petite salle de formation avec mur en vert pastel contenant un tableau d\u00e9criture blanc en face et des chaises noirs en position dorsale\" srcset=\"https:\/\/alyamamafordevelopment.com\/wp-content\/uploads\/2024\/12\/petite-salle-de-formation-avec-mur-en-vert-pastel-contenant-un-tableau-decriture-blanc-en-face-et-des-chaises-noirs-en-position-dorsale-800x800.jpg 800w, https:\/\/alyamamafordevelopment.com\/wp-content\/uploads\/2024\/12\/petite-salle-de-formation-avec-mur-en-vert-pastel-contenant-un-tableau-decriture-blanc-en-face-et-des-chaises-noirs-en-position-dorsale-400x400.jpg 400w, https:\/\/alyamamafordevelopment.com\/wp-content\/uploads\/2024\/12\/petite-salle-de-formation-avec-mur-en-vert-pastel-contenant-un-tableau-decriture-blanc-en-face-et-des-chaises-noirs-en-position-dorsale-280x280.jpg 280w, https:\/\/alyamamafordevelopment.com\/wp-content\/uploads\/2024\/12\/petite-salle-de-formation-avec-mur-en-vert-pastel-contenant-un-tableau-decriture-blanc-en-face-et-des-chaises-noirs-en-position-dorsale-768x768.jpg 768w, https:\/\/alyamamafordevelopment.com\/wp-content\/uploads\/2024\/12\/petite-salle-de-formation-avec-mur-en-vert-pastel-contenant-un-tableau-decriture-blanc-en-face-et-des-chaises-noirs-en-position-dorsale-12x12.jpg 12w, https:\/\/alyamamafordevelopment.com\/wp-content\/uploads\/2024\/12\/petite-salle-de-formation-avec-mur-en-vert-pastel-contenant-un-tableau-decriture-blanc-en-face-et-des-chaises-noirs-en-position-dorsale.jpg 1024w\" sizes=\"(max-width: 800px) 100vw, 800px\" \/>\t\t\t\t\t\t\n\t\t\t\t\t<\/div>\n\t\t\t\t\t\t\t\t\n<style>\n#image_1128321995 {\n  width: 80%;\n}\n@media (min-width:550px) {\n  #image_1128321995 {\n    width: 54%;\n  }\n}\n<\/style>\n\t<\/div>\n\t\n\t<div id=\"text-685189557\" class=\"text\">\n\t\t\n<h5 class=\"uppercase\" style=\"font-size: 1.1rem; font-weight: bold; margin-bottom: 1em; text-align: center;\">What we offer <\/h5>\n<p style=\"font-size: 1.1rem; line-height: 1.5; margin-bottom: 1em; text-align: justify;\"><b>Espace Authentique :<\/b> Profitez d\u2019un lieu unique et inspirant, avec une vue panoramique qui apaise l\u2019esprit et stimule la cr\u00e9ativit\u00e9. Notre espace Alyamama for Development est un espace cosy et chaleureux con\u00e7u pour vous offrir \u00e0 la fois convivialit\u00e9 et confidentialit\u00e9, id\u00e9al pour vos formations ou ateliers restreints.\n<\/p>\n<p style=\"font-size: 1.1rem; line-height: 1.5; margin-bottom: 1em; text-align: justify;\"><b>Publicit\u00e9 offerte :<\/b> Donnez plus de visibilit\u00e9 \u00e0 vos \u00e9v\u00e9nements ! Nous diffusons votre atelier de formation sur nos plateformes sociales, notamment notre page Instagram et LinkedIn, pour maximiser votre port\u00e9e et attirer un public pertinent.\n<\/p>\n<p style=\"font-size: 1.1rem; line-height: 1.5; margin-bottom: 1em; text-align: justify;\"><b>Boissons chaudes offertes :<\/b> Parce que le confort de vos participants est notre priorit\u00e9, nous offrons un service de boissons comprenant caf\u00e9 et tisanes inclus dans la location. Un petit plus pour un moment encore plus agr\u00e9able et productif.\n<\/p>\n\t\t\n<style>\n#text-685189557 {\n  text-align: left;\n}\n<\/style>\n\t<\/div>\n\t\n              <\/div>\n           <\/div>\n                            \n<style>\n#text-box-1744530817 {\n  width: 94%;\n}\n#text-box-1744530817 .text-box-content {\n  font-size: 100%;\n}\n@media (min-width:550px) {\n  #text-box-1744530817 {\n    width: 94%;\n  }\n}\n<\/style>\n    <\/div>\n \n        <\/div>\n      <\/div>\n\n            \n<style>\n#banner-1546466612 {\n  padding-top: 880px;\n}\n#banner-1546466612 .overlay {\n  background-color: rgb(72, 180, 183);\n}\n@media (min-width:550px) {\n  #banner-1546466612 {\n    padding-top: 66%;\n  }\n}\n<\/style>\n  <\/div>","protected":false},"excerpt":{"rendered":"<p>Vous \u00eates coach professionnel certifi\u00e9, ou formateur en qu\u00eate d\u2019un espace de formation pour un nombre limit\u00e9 de participants, cozy, convivial et apaisant ? L\u2019espace Alyamama for Development est l\u2019endroit id\u00e9al pour vous.<\/p>","protected":false},"author":1,"featured_media":0,"parent":0,"menu_order":0,"comment_status":"closed","ping_status":"closed","template":"","meta":{"footnotes":""},"class_list":["post-1120","page","type-page","status-publish","hentry"],"_links":{"self":[{"href":"https:\/\/alyamamafordevelopment.com\/en\/wp-json\/wp\/v2\/pages\/1120"}],"collection":[{"href":"https:\/\/alyamamafordevelopment.com\/en\/wp-json\/wp\/v2\/pages"}],"about":[{"href":"https:\/\/alyamamafordevelopment.com\/en\/wp-json\/wp\/v2\/types\/page"}],"author":[{"embeddable":true,"href":"https:\/\/alyamamafordevelopment.com\/en\/wp-json\/wp\/v2\/users\/1"}],"replies":[{"embeddable":true,"href":"https:\/\/alyamamafordevelopment.com\/en\/wp-json\/wp\/v2\/comments?post=1120"}],"version-history":[{"count":20,"href":"https:\/\/alyamamafordevelopment.com\/en\/wp-json\/wp\/v2\/pages\/1120\/revisions"}],"predecessor-version":[{"id":1807,"href":"https:\/\/alyamamafordevelopment.com\/en\/wp-json\/wp\/v2\/pages\/1120\/revisions\/1807"}],"wp:attachment":[{"href":"https:\/\/alyamamafordevelopment.com\/en\/wp-json\/wp\/v2\/media?parent=1120"}],"curies":[{"name":"wp","href":"https:\/\/api.w.org\/{rel}","templated":true}]}}